{"id":56,"date":"2023-10-13T21:23:36","date_gmt":"2023-10-13T21:23:36","guid":{"rendered":"https:\/\/bizart.cl\/?page_id=56"},"modified":"2024-01-24T23:14:52","modified_gmt":"2024-01-24T23:14:52","slug":"soluciones","status":"publish","type":"page","link":"https:\/\/bizart.cl\/en\/soluciones\/","title":{"rendered":"Solutions"},"content":{"rendered":"<p>[et_pb_section fb_built=\u00bb1&#8243; admin_label=\u00bbHeader\u00bb _builder_version=\u00bb4.23.1&#8243; _module_preset=\u00bbdefault\u00bb background_color=\u00bbrgba(0,0,0,0.6)\u00bb background_image=\u00bbhttps:\/\/bizart.cl\/wp-content\/uploads\/2023\/10\/Fondo-banner-inicio-bizart.jpg\u00bb background_blend=\u00bbmultiply\u00bb custom_padding=\u00bb29px||0px|||\u00bb locked=\u00bboff\u00bb collapsed=\u00bbon\u00bb global_colors_info=\u00bb{}\u00bb][et_pb_row _builder_version=\u00bb4.22.2&#8243; _module_preset=\u00bbdefault\u00bb background_color=\u00bbrgba(0,0,0,0.5)\u00bb global_colors_info=\u00bb{}\u00bb][et_pb_column type=\u00bb4_4&#8243; _builder_version=\u00bb4.22.2&#8243; _module_preset=\u00bbdefault\u00bb global_colors_info=\u00bb{}\u00bb][et_pb_slider _builder_version=\u00bb4.23.1&#8243; _module_preset=\u00bbdefault\u00bb header_font=\u00bb|700|||||||\u00bb body_text_color=\u00bb#FFFFFF\u00bb body_font_size=\u00bb22px\u00bb background_color=\u00bbRGBA(255,255,255,0)\u00bb custom_button=\u00bbon\u00bb button_text_size=\u00bb16px\u00bb button_bg_color=\u00bb#ef672d\u00bb button_border_width=\u00bb0px\u00bb button_border_radius=\u00bb0px\u00bb button_font=\u00bb|700|||||||\u00bb custom_padding=\u00bb5px||70px|||\u00bb global_colors_info=\u00bb{}\u00bb][et_pb_slide _builder_version=\u00bb4.23.1&#8243; _module_preset=\u00bbdefault\u00bb header_font_size=\u00bb40px\u00bb global_colors_info=\u00bb{}\u00bb sticky_transition=\u00bbon\u00bb]<\/p>\n<p style=\"text-align: center;\"><img loading=\"lazy\" decoding=\"async\" src=\"https:\/\/bizart.cl\/wp-content\/uploads\/2023\/12\/Bizart_bizart-25-1.png\" width=\"150\" height=\"150\" alt=\"\" class=\"wp-image-987506019 alignnone size-full\" srcset=\"https:\/\/bizart.cl\/wp-content\/uploads\/2023\/12\/Bizart_bizart-25-1.png 250w, https:\/\/bizart.cl\/wp-content\/uploads\/2023\/12\/Bizart_bizart-25-1-150x150.png 150w\" sizes=\"(max-width: 150px) 100vw, 150px\" \/><\/p>\n<h1 style=\"text-align: center;\"><strong>Soluciones<\/strong><\/h1>\n<p>Consulta por nuestras soluciones que mejorar\u00e1n tu empresa.<\/p>\n<p>[\/et_pb_slide][\/et_pb_slider][\/et_pb_column][\/et_pb_row][\/et_pb_section][et_pb_section fb_built=\u00bb1&#8243; _builder_version=\u00bb4.23.1&#8243; _module_preset=\u00bbdefault\u00bb global_colors_info=\u00bb{}\u00bb][et_pb_row column_structure=\u00bb1_3,1_3,1_3&#8243; _builder_version=\u00bb4.22.2&#8243; _module_preset=\u00bbdefault\u00bb locked=\u00bboff\u00bb global_colors_info=\u00bb{}\u00bb][et_pb_column type=\u00bb1_3&#8243; _builder_version=\u00bb4.22.2&#8243; _module_preset=\u00bbdefault\u00bb global_colors_info=\u00bb{}\u00bb][dnxte_3d_flipbox front_icon_switch=\u00bboff\u00bb front_image_switch=\u00bbon\u00bb front_image=\u00bbhttps:\/\/bizart.cl\/wp-content\/uploads\/2024\/01\/Bizart-logo-zoho-crm-blanco-line-1.png\u00bb front_heading=\u00bbZoho CRM\u00bb front_icon_size=\u00bb50px\u00bb front_icon_alignment=\u00bbcenter\u00bb front_image_size=\u00bb170px\u00bb front_image_alignment=\u00bbcenter\u00bb front_heading_padding=\u00bb|15px||15px|false|false\u00bb front_content_margin=\u00bb15px|15px|15px|15px|false|false\u00bb front_content_padding=\u00bb||||false|false\u00bb back_icon_switch=\u00bboff\u00bb back_content=\u00bb<\/p>\n<p style=%22text-align: center;%22>Te permite gestionar el ciclo de venta desde prospectos o leads hasta obtener negocios duraderos. Mant\u00e9n el contacto con tus clientes.<\/p>\n<p>\u00a0<\/p>\n<p>\u00bb back_bgc_color=\u00bb#333333&#8243; button_text=\u00bbVer M\u00e1s\u00bb button_link=\u00bb@ET-DC@eyJkeW5hbWljIjp0cnVlLCJjb250ZW50IjoicG9zdF9saW5rX3VybF9wYWdlIiwic2V0dGluZ3MiOnsicG9zdF9pZCI6IjE4NiJ9fQ==@\u00bb button_link_new_window=\u00bbon\u00bb _builder_version=\u00bb4.23.1&#8243; _dynamic_attributes=\u00bbbutton_link\u00bb _module_preset=\u00bbdefault\u00bb front_flip_text_font=\u00bb|700||on|||||\u00bb front_flip_text_text_align=\u00bbcenter\u00bb front_flip_text_line_height=\u00bb1.2em\u00bb btn_flip_text_font=\u00bb|700||on|||||\u00bb btn_flip_text_text_align=\u00bbcenter\u00bb btn_flip_text_text_color=\u00bb#ef672d\u00bb animation_style=\u00bbslide\u00bb global_colors_info=\u00bb{}\u00bb][\/dnxte_3d_flipbox][\/et_pb_column][et_pb_column type=\u00bb1_3&#8243; _builder_version=\u00bb4.22.2&#8243; _module_preset=\u00bbdefault\u00bb global_colors_info=\u00bb{}\u00bb][dnxte_3d_flipbox front_icon_switch=\u00bboff\u00bb front_image_switch=\u00bbon\u00bb front_image=\u00bbhttps:\/\/bizart.cl\/wp-content\/uploads\/2024\/01\/Bizart-logo-zoho-analytics-blanco-line-1.png\u00bb front_heading=\u00bbZoho Analytics\u00bb front_bgc_color=\u00bb#f80011&#8243; front_icon_size=\u00bb50px\u00bb front_icon_alignment=\u00bbcenter\u00bb front_image_size=\u00bb170px\u00bb front_image_alignment=\u00bbcenter\u00bb front_heading_padding=\u00bb|15px||15px|false|false\u00bb front_content_margin=\u00bb15px|15px|15px|15px|false|false\u00bb front_content_padding=\u00bb||||false|false\u00bb back_icon_switch=\u00bboff\u00bb back_content=\u00bb<\/p>\n<p style=%22text-align: center;%22>Soluci\u00f3n Cloud Business Intelligence, en su versi\u00f3n 5.0, aumenta el valor a tu organizaci\u00f3n en la toma de decisiones. Ya incluye Preparaci\u00f3n de datos ETL incluido, Portales de BI para tu organizaci\u00f3n. Logrando premios destacados de satisfacci\u00f3n de clientes a nivel mundial.<\/p>\n<p>\u00bb back_bgc_color=\u00bb#333333&#8243; button_text=\u00bbVer M\u00e1s\u00bb button_link=\u00bb@ET-DC@eyJkeW5hbWljIjp0cnVlLCJjb250ZW50IjoicG9zdF9saW5rX3VybF9wYWdlIiwic2V0dGluZ3MiOnsicG9zdF9pZCI6IjI3NCJ9fQ==@\u00bb button_link_new_window=\u00bbon\u00bb _builder_version=\u00bb4.23.1&#8243; _dynamic_attributes=\u00bbbutton_link\u00bb _module_preset=\u00bbdefault\u00bb front_flip_text_font=\u00bb|700||on|||||\u00bb front_flip_text_text_align=\u00bbcenter\u00bb front_flip_text_line_height=\u00bb1.2em\u00bb btn_flip_text_font=\u00bb|700||on|||||\u00bb btn_flip_text_text_align=\u00bbcenter\u00bb btn_flip_text_text_color=\u00bb#ef672d\u00bb animation_style=\u00bbslide\u00bb global_colors_info=\u00bb{}\u00bb][\/dnxte_3d_flipbox][\/et_pb_column][et_pb_column type=\u00bb1_3&#8243; _builder_version=\u00bb4.22.2&#8243; _module_preset=\u00bbdefault\u00bb global_colors_info=\u00bb{}\u00bb][dnxte_3d_flipbox front_icon_switch=\u00bboff\u00bb front_image_switch=\u00bbon\u00bb front_image=\u00bbhttps:\/\/bizart.cl\/wp-content\/uploads\/2024\/01\/Bizart-logo-zoho-apps-blanco-2.png\u00bb front_heading=\u00bbZoho Apps\u00bb front_bgc_color=\u00bb#6fd646&#8243; front_icon_size=\u00bb50px\u00bb front_icon_alignment=\u00bbcenter\u00bb front_image_size=\u00bb170px\u00bb front_image_alignment=\u00bbcenter\u00bb front_heading_padding=\u00bb|15px||15px|false|false\u00bb front_content_margin=\u00bb15px|15px|15px|15px|false|false\u00bb front_content_padding=\u00bb||||false|false\u00bb back_icon_switch=\u00bboff\u00bb back_content=\u00bb<\/p>\n<p style=%22text-align: center;%22>El Ecosistema Zoho te permite digitalizar una serie de procesos claves en tu Organizaci\u00f3n desde capturar datos hasta realizar la gesti\u00f3n de marketing de tus redes sociales. Elije la aplicaci\u00f3n con la quieras iniciar, podr\u00e1s integrarlas m\u00e1s tarde.<\/p>\n<p>\u00bb back_bgc_color=\u00bb#333333&#8243; button_text=\u00bbVer M\u00e1s\u00bb button_link=\u00bb@ET-DC@eyJkeW5hbWljIjp0cnVlLCJjb250ZW50IjoicG9zdF9saW5rX3VybF9wYWdlIiwic2V0dGluZ3MiOnsicG9zdF9pZCI6IjMzNiJ9fQ==@\u00bb button_link_new_window=\u00bbon\u00bb _builder_version=\u00bb4.23.1&#8243; _dynamic_attributes=\u00bbbutton_link\u00bb _module_preset=\u00bbdefault\u00bb front_flip_text_font=\u00bb|700||on|||||\u00bb front_flip_text_text_align=\u00bbcenter\u00bb front_flip_text_line_height=\u00bb1.2em\u00bb btn_flip_text_font=\u00bb|700||on|||||\u00bb btn_flip_text_text_align=\u00bbcenter\u00bb btn_flip_text_text_color=\u00bb#ef672d\u00bb animation_style=\u00bbslide\u00bb global_colors_info=\u00bb{}\u00bb][\/dnxte_3d_flipbox][\/et_pb_column][\/et_pb_row][et_pb_row column_structure=\u00bb1_3,1_3,1_3&#8243; _builder_version=\u00bb4.22.2&#8243; _module_preset=\u00bbdefault\u00bb locked=\u00bboff\u00bb global_colors_info=\u00bb{}\u00bb][et_pb_column type=\u00bb1_3&#8243; _builder_version=\u00bb4.22.2&#8243; _module_preset=\u00bbdefault\u00bb global_colors_info=\u00bb{}\u00bb][dnxte_3d_flipbox front_icon_switch=\u00bboff\u00bb front_image_switch=\u00bbon\u00bb front_image=\u00bbhttps:\/\/bizart.cl\/wp-content\/uploads\/2024\/01\/Bizart-logo-zoho-one-q.png\u00bb front_heading=\u00bbZoho One\u00bb front_bgc_color=\u00bb#fed600&#8243; front_icon_size=\u00bb50px\u00bb front_icon_alignment=\u00bbcenter\u00bb front_image_size=\u00bb170px\u00bb front_image_alignment=\u00bbcenter\u00bb front_heading_padding=\u00bb|15px||15px|false|false\u00bb front_content_margin=\u00bb15px|15px|15px|15px|false|false\u00bb front_content_padding=\u00bb||||false|false\u00bb back_icon_switch=\u00bboff\u00bb back_content=\u00bb<\/p>\n<p style=%22text-align: center;%22>Conjunto de aplicaciones de nivel profesional en un s\u00f3lo Precio. S\u00ed +40 Aplicaciones Zoho a un s\u00f3lo precio.<\/p>\n<p>\u00bb back_bgc_color=\u00bb#333333&#8243; button_text=\u00bbVer M\u00e1s\u00bb button_link=\u00bb@ET-DC@eyJkeW5hbWljIjp0cnVlLCJjb250ZW50IjoicG9zdF9saW5rX3VybF9wYWdlIiwic2V0dGluZ3MiOnsicG9zdF9pZCI6IjUzNSJ9fQ==@\u00bb button_link_new_window=\u00bbon\u00bb _builder_version=\u00bb4.23.1&#8243; _dynamic_attributes=\u00bbbutton_link\u00bb _module_preset=\u00bbdefault\u00bb front_flip_text_font=\u00bb|700||on|||||\u00bb front_flip_text_text_align=\u00bbcenter\u00bb front_flip_text_line_height=\u00bb1.2em\u00bb btn_flip_text_font=\u00bb|700||on|||||\u00bb btn_flip_text_text_align=\u00bbcenter\u00bb btn_flip_text_text_color=\u00bb#ef672d\u00bb animation_style=\u00bbslide\u00bb global_colors_info=\u00bb{}\u00bb][\/dnxte_3d_flipbox][\/et_pb_column][et_pb_column type=\u00bb1_3&#8243; _builder_version=\u00bb4.22.2&#8243; _module_preset=\u00bbdefault\u00bb global_colors_info=\u00bb{}\u00bb][dnxte_3d_flipbox front_icon_switch=\u00bboff\u00bb front_image_switch=\u00bbon\u00bb front_image=\u00bbhttps:\/\/bizart.cl\/wp-content\/uploads\/2024\/01\/Bizart-logo-zoho-apps-blanco-2.png\u00bb front_heading=\u00bbSuite Empresarial \u2013 SE\u00bb front_bgc_color=\u00bb#f47e00&#8243; front_icon_size=\u00bb50px\u00bb front_icon_alignment=\u00bbcenter\u00bb front_image_size=\u00bb170px\u00bb front_image_alignment=\u00bbcenter\u00bb front_heading_padding=\u00bb|15px||15px|false|false\u00bb front_content_margin=\u00bb15px|15px|15px|15px|false|false\u00bb front_content_padding=\u00bb||||false|false\u00bb back_icon_switch=\u00bboff\u00bb back_content=\u00bb<\/p>\n<p style=%22text-align: center;%22>Soluci\u00f3n Empresarial Web que permite mejorar el desempe\u00f1o de distintos procesos de negocio, en distintas \u00e1reas organizacionales, desde Comercial, TI, Operaciones hasta la entrega del producto o servicio. Permitiendo obtener el m\u00e1ximo rendimiento del negocio, monitorear, implementar mejoras y actualizar procesos r\u00e1pidamente.<\/p>\n<p>\u00bb back_bgc_color=\u00bb#333333&#8243; button_text=\u00bbVer M\u00e1s\u00bb button_link=\u00bb@ET-DC@eyJkeW5hbWljIjp0cnVlLCJjb250ZW50IjoicG9zdF9saW5rX3VybF9wYWdlIiwic2V0dGluZ3MiOnsicG9zdF9pZCI6Ijk4NzUwNjQ2OSJ9fQ==@\u00bb button_link_new_window=\u00bbon\u00bb _builder_version=\u00bb4.23.1&#8243; _dynamic_attributes=\u00bbbutton_link\u00bb _module_preset=\u00bbdefault\u00bb front_flip_text_font=\u00bb|700||on|||||\u00bb front_flip_text_text_align=\u00bbcenter\u00bb front_flip_text_line_height=\u00bb1.2em\u00bb btn_flip_text_font=\u00bb|700||on|||||\u00bb btn_flip_text_text_align=\u00bbcenter\u00bb btn_flip_text_text_color=\u00bb#ef672d\u00bb animation_style=\u00bbslide\u00bb global_colors_info=\u00bb{}\u00bb][\/dnxte_3d_flipbox][\/et_pb_column][et_pb_column type=\u00bb1_3&#8243; _builder_version=\u00bb4.22.2&#8243; _module_preset=\u00bbdefault\u00bb global_colors_info=\u00bb{}\u00bb][\/et_pb_column][\/et_pb_row][\/et_pb_section]<\/p>\n","protected":false},"excerpt":{"rendered":"<p>Soluciones Consulta por nuestras soluciones que mejorar\u00e1n tu empresa.<div class=\"et_pb_module dnxte_3d_flipbox dnxte_3d_flipbox_0\">\n\t\t\t\t\n\t\t\t\t\n\t\t\t\t\n\t\t\t\t\n\t\t\t\t\n\t\t\t\t\n\t\t\t\t<div class=\"et_pb_module_inner\">\n\t\t\t\t\t<div class=\"dnext-3d-transform-flpb-box-item\">\n\t\t\t\t<div class=\"dnext-3d-transform-flpb-flip-box\">\n\t\t\t\t\t<div class=\"dnext-3d-transform-flpb-flip-box-front\">\n\t\t\t<div class=\"dnext-3d-transform-flpb-inner dnext-3d-flpb-flibbox-icon-front\">\n\t\t\t\t<span class=\"et-pb-icon dnext_3d_front_icon_alignment_\u00bbcenter\u00bb\" data-icon=\"#\" data-icon-tablet=\"#\" data-icon-phone=\"#\"><\/span><div class=\"dnext-3d-flipbox-image front_image_alignment_\u00bbcenter\u00bb\"><img decoding=\"async\" src=\"\u00bbhttps:\/\/bizart.cl\/wp-content\/uploads\/2024\/01\/Bizart-logo-zoho-crm-blanco-line-1.png\u00bb\" alt=\"default\" class=\"dnext-3d-flipbox-front-image\"\/><\/div>\n\t\t\t\t<h4 class=\"dnext-3d-transform-flpb-flip-box-header\">\u00bbZoho<\/h4>\n\t\t\t\t\n\t\t\t<\/div>\n\t\t<\/div>\n\t\t\t\t\t<div class=\"dnext-3d-transform-flpb-flip-box-back\">\n            <div class=\"dnext-3d-transform-flpb-inner dnext-3d-flpb-flibbox-icon-back\">\n                <span class=\"et-pb-icon\" data-icon=\"$\" data-icon-tablet=\"$\" data-icon-phone=\"$\"><\/span>\n                <div class=\"dnext-3d-flipbox-back-pra\">\u00bbTe<\/div>\n                <div class=\"dnext-3d-flpb-flibbox-flip-button\"><a href=\"http:\/\/\u00bb\u00bb\" class=\"dnext-3d-flpb-flibbox-readmore\" target=\"\">\u00bbVer<\/a><\/div>\n            <\/div>\n        <\/div>\n\t\t\t\t\t<div class=\"dnext-3d-flpb-flank\"><\/div>\n\t\t\t\t<\/div>\n\t\t\t<\/div>\n\t\t\t\t<\/div>\n\t\t\t<\/div><\/p>","protected":false},"author":1,"featured_media":0,"parent":0,"menu_order":0,"comment_status":"closed","ping_status":"closed","template":"","meta":{"_et_pb_use_builder":"on","_et_pb_old_content":"<!-- wp:divi\/placeholder \/-->","_et_gb_content_width":"","footnotes":""},"class_list":["post-56","page","type-page","status-publish","hentry"],"yoast_head":"<!-- This site is optimized with the Yoast SEO Premium plugin v26.9 (Yoast SEO v27.6) - https:\/\/yoast.com\/product\/yoast-seo-premium-wordpress\/ -->\n<title>Soluciones - Bizart<\/title>\n<meta name=\"robots\" content=\"index, follow, max-snippet:-1, max-image-preview:large, max-video-preview:-1\" \/>\n<link rel=\"canonical\" href=\"https:\/\/bizart.cl\/en\/soluciones\/\" \/>\n<meta property=\"og:locale\" content=\"en_US\" \/>\n<meta property=\"og:type\" content=\"article\" \/>\n<meta property=\"og:title\" content=\"Soluciones\" \/>\n<meta property=\"og:description\" content=\"Soluciones Consulta por nuestras soluciones que mejorar\u00e1n tu empresa.\" \/>\n<meta property=\"og:url\" content=\"https:\/\/bizart.cl\/en\/soluciones\/\" \/>\n<meta property=\"og:site_name\" content=\"Bizart\" \/>\n<meta property=\"article:publisher\" content=\"https:\/\/www.facebook.com\/bizartsolutions\/\" \/>\n<meta property=\"article:modified_time\" content=\"2024-01-24T23:14:52+00:00\" \/>\n<meta property=\"og:image\" content=\"https:\/\/bizart.cl\/wp-content\/uploads\/2023\/12\/Bizart_bizart-25-1.png\" \/>\n<meta name=\"twitter:card\" content=\"summary_large_image\" \/>\n<meta name=\"twitter:label1\" content=\"Est. reading time\" \/>\n\t<meta name=\"twitter:data1\" content=\"6 minutes\" \/>\n<script type=\"application\/ld+json\" class=\"yoast-schema-graph\">{\"@context\":\"https:\\\/\\\/schema.org\",\"@graph\":[{\"@type\":\"WebPage\",\"@id\":\"https:\\\/\\\/bizart.cl\\\/soluciones\\\/\",\"url\":\"https:\\\/\\\/bizart.cl\\\/soluciones\\\/\",\"name\":\"Soluciones - Bizart\",\"isPartOf\":{\"@id\":\"https:\\\/\\\/bizart.cl\\\/#website\"},\"primaryImageOfPage\":{\"@id\":\"https:\\\/\\\/bizart.cl\\\/soluciones\\\/#primaryimage\"},\"image\":{\"@id\":\"https:\\\/\\\/bizart.cl\\\/soluciones\\\/#primaryimage\"},\"thumbnailUrl\":\"https:\\\/\\\/bizart.cl\\\/wp-content\\\/uploads\\\/2023\\\/12\\\/Bizart_bizart-25-1.png\",\"datePublished\":\"2023-10-13T21:23:36+00:00\",\"dateModified\":\"2024-01-24T23:14:52+00:00\",\"breadcrumb\":{\"@id\":\"https:\\\/\\\/bizart.cl\\\/soluciones\\\/#breadcrumb\"},\"inLanguage\":\"en-US\",\"potentialAction\":[{\"@type\":\"ReadAction\",\"target\":[\"https:\\\/\\\/bizart.cl\\\/soluciones\\\/\"]}]},{\"@type\":\"ImageObject\",\"inLanguage\":\"en-US\",\"@id\":\"https:\\\/\\\/bizart.cl\\\/soluciones\\\/#primaryimage\",\"url\":\"https:\\\/\\\/bizart.cl\\\/wp-content\\\/uploads\\\/2023\\\/12\\\/Bizart_bizart-25-1.png\",\"contentUrl\":\"https:\\\/\\\/bizart.cl\\\/wp-content\\\/uploads\\\/2023\\\/12\\\/Bizart_bizart-25-1.png\"},{\"@type\":\"BreadcrumbList\",\"@id\":\"https:\\\/\\\/bizart.cl\\\/soluciones\\\/#breadcrumb\",\"itemListElement\":[{\"@type\":\"ListItem\",\"position\":1,\"name\":\"Portada\",\"item\":\"https:\\\/\\\/bizart.cl\\\/\"},{\"@type\":\"ListItem\",\"position\":2,\"name\":\"Soluciones\"}]},{\"@type\":\"WebSite\",\"@id\":\"https:\\\/\\\/bizart.cl\\\/#website\",\"url\":\"https:\\\/\\\/bizart.cl\\\/\",\"name\":\"Bizart\",\"description\":\"Servicios de consultor\u00eda y Software de gesti\u00f3n\",\"publisher\":{\"@id\":\"https:\\\/\\\/bizart.cl\\\/#organization\"},\"potentialAction\":[{\"@type\":\"SearchAction\",\"target\":{\"@type\":\"EntryPoint\",\"urlTemplate\":\"https:\\\/\\\/bizart.cl\\\/?s={search_term_string}\"},\"query-input\":{\"@type\":\"PropertyValueSpecification\",\"valueRequired\":true,\"valueName\":\"search_term_string\"}}],\"inLanguage\":\"en-US\"},{\"@type\":\"Organization\",\"@id\":\"https:\\\/\\\/bizart.cl\\\/#organization\",\"name\":\"Bizart\",\"url\":\"https:\\\/\\\/bizart.cl\\\/\",\"logo\":{\"@type\":\"ImageObject\",\"inLanguage\":\"en-US\",\"@id\":\"https:\\\/\\\/bizart.cl\\\/#\\\/schema\\\/logo\\\/image\\\/\",\"url\":\"https:\\\/\\\/bizart.cl\\\/wp-content\\\/uploads\\\/2023\\\/10\\\/logo-bizart.png\",\"contentUrl\":\"https:\\\/\\\/bizart.cl\\\/wp-content\\\/uploads\\\/2023\\\/10\\\/logo-bizart.png\",\"width\":588,\"height\":180,\"caption\":\"Bizart\"},\"image\":{\"@id\":\"https:\\\/\\\/bizart.cl\\\/#\\\/schema\\\/logo\\\/image\\\/\"},\"sameAs\":[\"https:\\\/\\\/www.facebook.com\\\/bizartsolutions\\\/\",\"https:\\\/\\\/www.linkedin.com\\\/company\\\/3766366\\\/\",\"https:\\\/\\\/www.youtube.com\\\/channel\\\/UCu-uc_f5ClqkWrDXQI1jjPw\"]}]}<\/script>\n<!-- \/ Yoast SEO Premium plugin. -->","yoast_head_json":{"title":"Soluciones - Bizart","robots":{"index":"index","follow":"follow","max-snippet":"max-snippet:-1","max-image-preview":"max-image-preview:large","max-video-preview":"max-video-preview:-1"},"canonical":"https:\/\/bizart.cl\/en\/soluciones\/","og_locale":"en_US","og_type":"article","og_title":"Soluciones","og_description":"Soluciones Consulta por nuestras soluciones que mejorar\u00e1n tu empresa.","og_url":"https:\/\/bizart.cl\/en\/soluciones\/","og_site_name":"Bizart","article_publisher":"https:\/\/www.facebook.com\/bizartsolutions\/","article_modified_time":"2024-01-24T23:14:52+00:00","og_image":[{"url":"https:\/\/bizart.cl\/wp-content\/uploads\/2023\/12\/Bizart_bizart-25-1.png","type":"","width":"","height":""}],"twitter_card":"summary_large_image","twitter_misc":{"Est. reading time":"6 minutes"},"schema":{"@context":"https:\/\/schema.org","@graph":[{"@type":"WebPage","@id":"https:\/\/bizart.cl\/soluciones\/","url":"https:\/\/bizart.cl\/soluciones\/","name":"Soluciones - Bizart","isPartOf":{"@id":"https:\/\/bizart.cl\/#website"},"primaryImageOfPage":{"@id":"https:\/\/bizart.cl\/soluciones\/#primaryimage"},"image":{"@id":"https:\/\/bizart.cl\/soluciones\/#primaryimage"},"thumbnailUrl":"https:\/\/bizart.cl\/wp-content\/uploads\/2023\/12\/Bizart_bizart-25-1.png","datePublished":"2023-10-13T21:23:36+00:00","dateModified":"2024-01-24T23:14:52+00:00","breadcrumb":{"@id":"https:\/\/bizart.cl\/soluciones\/#breadcrumb"},"inLanguage":"en-US","potentialAction":[{"@type":"ReadAction","target":["https:\/\/bizart.cl\/soluciones\/"]}]},{"@type":"ImageObject","inLanguage":"en-US","@id":"https:\/\/bizart.cl\/soluciones\/#primaryimage","url":"https:\/\/bizart.cl\/wp-content\/uploads\/2023\/12\/Bizart_bizart-25-1.png","contentUrl":"https:\/\/bizart.cl\/wp-content\/uploads\/2023\/12\/Bizart_bizart-25-1.png"},{"@type":"BreadcrumbList","@id":"https:\/\/bizart.cl\/soluciones\/#breadcrumb","itemListElement":[{"@type":"ListItem","position":1,"name":"Portada","item":"https:\/\/bizart.cl\/"},{"@type":"ListItem","position":2,"name":"Soluciones"}]},{"@type":"WebSite","@id":"https:\/\/bizart.cl\/#website","url":"https:\/\/bizart.cl\/","name":"Bizart","description":"Consulting Services and Management Software","publisher":{"@id":"https:\/\/bizart.cl\/#organization"},"potentialAction":[{"@type":"SearchAction","target":{"@type":"EntryPoint","urlTemplate":"https:\/\/bizart.cl\/?s={search_term_string}"},"query-input":{"@type":"PropertyValueSpecification","valueRequired":true,"valueName":"search_term_string"}}],"inLanguage":"en-US"},{"@type":"Organization","@id":"https:\/\/bizart.cl\/#organization","name":"Bizart","url":"https:\/\/bizart.cl\/","logo":{"@type":"ImageObject","inLanguage":"en-US","@id":"https:\/\/bizart.cl\/#\/schema\/logo\/image\/","url":"https:\/\/bizart.cl\/wp-content\/uploads\/2023\/10\/logo-bizart.png","contentUrl":"https:\/\/bizart.cl\/wp-content\/uploads\/2023\/10\/logo-bizart.png","width":588,"height":180,"caption":"Bizart"},"image":{"@id":"https:\/\/bizart.cl\/#\/schema\/logo\/image\/"},"sameAs":["https:\/\/www.facebook.com\/bizartsolutions\/","https:\/\/www.linkedin.com\/company\/3766366\/","https:\/\/www.youtube.com\/channel\/UCu-uc_f5ClqkWrDXQI1jjPw"]}]}},"_links":{"self":[{"href":"https:\/\/bizart.cl\/en\/wp-json\/wp\/v2\/pages\/56","targetHints":{"allow":["GET"]}}],"collection":[{"href":"https:\/\/bizart.cl\/en\/wp-json\/wp\/v2\/pages"}],"about":[{"href":"https:\/\/bizart.cl\/en\/wp-json\/wp\/v2\/types\/page"}],"author":[{"embeddable":true,"href":"https:\/\/bizart.cl\/en\/wp-json\/wp\/v2\/users\/1"}],"replies":[{"embeddable":true,"href":"https:\/\/bizart.cl\/en\/wp-json\/wp\/v2\/comments?post=56"}],"version-history":[{"count":10,"href":"https:\/\/bizart.cl\/en\/wp-json\/wp\/v2\/pages\/56\/revisions"}],"predecessor-version":[{"id":987506547,"href":"https:\/\/bizart.cl\/en\/wp-json\/wp\/v2\/pages\/56\/revisions\/987506547"}],"wp:attachment":[{"href":"https:\/\/bizart.cl\/en\/wp-json\/wp\/v2\/media?parent=56"}],"curies":[{"name":"wp","href":"https:\/\/api.w.org\/{rel}","templated":true}]}}