{"id":58,"date":"2023-10-13T21:24:01","date_gmt":"2023-10-13T21:24:01","guid":{"rendered":"https:\/\/bizart.cl\/?page_id=58"},"modified":"2024-02-02T12:53:23","modified_gmt":"2024-02-02T12:53:23","slug":"servicios","status":"publish","type":"page","link":"https:\/\/bizart.cl\/en\/servicios\/","title":{"rendered":"Services"},"content":{"rendered":"<p>[et_pb_section fb_built=\u00bb1&#8243; admin_label=\u00bbHeader\u00bb _builder_version=\u00bb4.23.1&#8243; _module_preset=\u00bbdefault\u00bb background_color=\u00bbrgba(0,0,0,0.6)\u00bb background_image=\u00bbhttps:\/\/bizart.cl\/wp-content\/uploads\/2023\/10\/Fondo-banner-inicio-bizart.jpg\u00bb background_blend=\u00bbmultiply\u00bb custom_padding=\u00bb29px||0px|||\u00bb locked=\u00bboff\u00bb collapsed=\u00bbon\u00bb global_colors_info=\u00bb{}\u00bb][et_pb_row _builder_version=\u00bb4.22.2&#8243; _module_preset=\u00bbdefault\u00bb background_color=\u00bbrgba(0,0,0,0.5)\u00bb global_colors_info=\u00bb{}\u00bb][et_pb_column type=\u00bb4_4&#8243; _builder_version=\u00bb4.22.2&#8243; _module_preset=\u00bbdefault\u00bb global_colors_info=\u00bb{}\u00bb][et_pb_slider _builder_version=\u00bb4.23.1&#8243; _module_preset=\u00bbdefault\u00bb header_font=\u00bb|700|||||||\u00bb body_text_color=\u00bb#FFFFFF\u00bb body_font_size=\u00bb22px\u00bb background_color=\u00bbRGBA(255,255,255,0)\u00bb custom_button=\u00bbon\u00bb button_text_size=\u00bb16px\u00bb button_bg_color=\u00bb#ef672d\u00bb button_border_width=\u00bb0px\u00bb button_border_radius=\u00bb0px\u00bb button_font=\u00bb|700|||||||\u00bb custom_padding=\u00bb5px||70px|||\u00bb global_colors_info=\u00bb{}\u00bb][et_pb_slide _builder_version=\u00bb4.23.1&#8243; _module_preset=\u00bbdefault\u00bb header_font_size=\u00bb40px\u00bb global_colors_info=\u00bb{}\u00bb sticky_transition=\u00bbon\u00bb]<\/p>\n<p style=\"text-align: center;\"><img loading=\"lazy\" decoding=\"async\" src=\"https:\/\/bizart.cl\/wp-content\/uploads\/2023\/12\/Bizart_bizart-25-1.png\" width=\"150\" height=\"150\" alt=\"\" class=\"wp-image-987506019 alignnone size-full\" srcset=\"https:\/\/bizart.cl\/wp-content\/uploads\/2023\/12\/Bizart_bizart-25-1.png 250w, https:\/\/bizart.cl\/wp-content\/uploads\/2023\/12\/Bizart_bizart-25-1-150x150.png 150w\" sizes=\"(max-width: 150px) 100vw, 150px\" \/><\/p>\n<h1 style=\"text-align: center;\"><strong>Servicios<\/strong><\/h1>\n<p>Consulta por nuestros servicios de capacitaci\u00f3n, soporte o configuraci\u00f3n.<\/p>\n<p>[\/et_pb_slide][\/et_pb_slider][\/et_pb_column][\/et_pb_row][\/et_pb_section][et_pb_section fb_built=\u00bb1&#8243; _builder_version=\u00bb4.23.1&#8243; _module_preset=\u00bbdefault\u00bb global_colors_info=\u00bb{}\u00bb][et_pb_row column_structure=\u00bb1_3,1_3,1_3&#8243; _builder_version=\u00bb4.22.2&#8243; _module_preset=\u00bbdefault\u00bb locked=\u00bboff\u00bb global_colors_info=\u00bb{}\u00bb][et_pb_column type=\u00bb1_3&#8243; _builder_version=\u00bb4.22.2&#8243; _module_preset=\u00bbdefault\u00bb global_colors_info=\u00bb{}\u00bb][dnxte_3d_flipbox front_icon_switch=\u00bboff\u00bb front_image_switch=\u00bbon\u00bb front_image=\u00bbhttps:\/\/bizart.cl\/wp-content\/uploads\/2024\/01\/Bizart-servicios-zoho.png\u00bb front_heading=\u00bbServicios Zoho\u00bb front_bgc_color=\u00bb#efd423&#8243; front_icon_size=\u00bb50px\u00bb front_icon_alignment=\u00bbcenter\u00bb front_image_size=\u00bb170px\u00bb front_image_alignment=\u00bbcenter\u00bb front_heading_padding=\u00bb|15px||15px|false|false\u00bb front_content_margin=\u00bb15px|15px|15px|15px|false|false\u00bb front_content_padding=\u00bb||||false|false\u00bb back_icon_switch=\u00bboff\u00bb back_content=\u00bb<\/p>\n<p style=%22text-align: center;%22>Consulta por nuestros servicios de capacitaci\u00f3n, soporte o configuraci\u00f3n para aplicaciones Zoho.<\/p>\n<p>\u00bb back_bgc_color=\u00bb#333333&#8243; button_text=\u00bbVER M\u00c1S\u00bb button_link=\u00bb@ET-DC@eyJkeW5hbWljIjp0cnVlLCJjb250ZW50IjoicG9zdF9saW5rX3VybF9wYWdlIiwic2V0dGluZ3MiOnsicG9zdF9pZCI6Ijk4NzUwNTYyOSJ9fQ==@\u00bb _builder_version=\u00bb4.23.1&#8243; _dynamic_attributes=\u00bbbutton_link\u00bb _module_preset=\u00bbdefault\u00bb front_flip_text_font=\u00bb|700||on|||||\u00bb front_flip_text_text_align=\u00bbcenter\u00bb front_flip_text_line_height=\u00bb1.2em\u00bb btn_flip_text_font=\u00bb|700||on|||||\u00bb btn_flip_text_text_align=\u00bbcenter\u00bb btn_flip_text_text_color=\u00bb#ef672d\u00bb animation_style=\u00bbslide\u00bb global_colors_info=\u00bb{}\u00bb][\/dnxte_3d_flipbox][\/et_pb_column][et_pb_column type=\u00bb1_3&#8243; _builder_version=\u00bb4.22.2&#8243; _module_preset=\u00bbdefault\u00bb global_colors_info=\u00bb{}\u00bb][dnxte_3d_flipbox front_icon_switch=\u00bboff\u00bb front_image_switch=\u00bbon\u00bb front_image=\u00bbhttps:\/\/bizart.cl\/wp-content\/uploads\/2024\/01\/Bizart-servicios-cursos-1.png\u00bb front_heading=\u00bbCursos Bizart\u00bb front_bgc_color=\u00bb#8eba59&#8243; front_icon_size=\u00bb50px\u00bb front_icon_alignment=\u00bbcenter\u00bb front_image_size=\u00bb170px\u00bb front_image_alignment=\u00bbcenter\u00bb front_heading_padding=\u00bb|15px||15px|false|false\u00bb front_content_margin=\u00bb15px|15px|15px|15px|false|false\u00bb front_content_padding=\u00bb||||false|false\u00bb back_icon_switch=\u00bboff\u00bb back_content=\u00bb<\/p>\n<p style=%22text-align: center;%22>A modo de apoyar el desarrollo de tu organizaci\u00f3n, hemos dise\u00f1ado Cursos en el \u00e1mbito de la gesti\u00f3n de negocios u organizaciones, de manera de aumentar el desempe\u00f1o interno, ya sea a nivel conceptual, aplicaciones pr\u00e1cticas o ejecuci\u00f3n organizacional.<\/p>\n<p>\u00bb back_bgc_color=\u00bb#333333&#8243; button_text=\u00bbVER M\u00c1S\u00bb button_link=\u00bb@ET-DC@eyJkeW5hbWljIjp0cnVlLCJjb250ZW50IjoicG9zdF9saW5rX3VybF9wYWdlIiwic2V0dGluZ3MiOnsicG9zdF9pZCI6Ijk4NzUwNTY2NCJ9fQ==@\u00bb _builder_version=\u00bb4.23.1&#8243; _dynamic_attributes=\u00bbbutton_link\u00bb _module_preset=\u00bbdefault\u00bb front_flip_text_font=\u00bb|700||on|||||\u00bb front_flip_text_text_align=\u00bbcenter\u00bb front_flip_text_line_height=\u00bb1.2em\u00bb btn_flip_text_font=\u00bb|700||on|||||\u00bb btn_flip_text_text_align=\u00bbcenter\u00bb btn_flip_text_text_color=\u00bb#ef672d\u00bb animation_style=\u00bbslide\u00bb global_colors_info=\u00bb{}\u00bb][\/dnxte_3d_flipbox][\/et_pb_column][et_pb_column type=\u00bb1_3&#8243; _builder_version=\u00bb4.22.2&#8243; _module_preset=\u00bbdefault\u00bb global_colors_info=\u00bb{}\u00bb][dnxte_3d_flipbox front_icon_switch=\u00bboff\u00bb front_image_switch=\u00bbon\u00bb front_image=\u00bbhttps:\/\/bizart.cl\/wp-content\/uploads\/2024\/01\/Bizart-servicios-.png\u00bb front_heading=\u00bbGESTI\u00d3N PROCESOS DE NEGOCIO\u00bb front_bgc_color=\u00bb#c757e0&#8243; front_icon_size=\u00bb50px\u00bb front_icon_alignment=\u00bbcenter\u00bb front_image_size=\u00bb170px\u00bb front_image_alignment=\u00bbcenter\u00bb front_heading_padding=\u00bb|15px||15px|false|false\u00bb front_content_margin=\u00bb15px|15px|15px|15px|false|false\u00bb front_content_padding=\u00bb||||false|false\u00bb back_icon_switch=\u00bboff\u00bb back_content=\u00bb<\/p>\n<p style=%22text-align: center;%22>Los servicios de Gesti\u00f3n de Procesos de Negocio y Re-dise\u00f1o de Procesos de BIZART, son poderosas herramientas para obtener procesos m\u00e1s eficientes y efectivos.<\/p>\n<\/p>\n<p>\u00bb back_bgc_color=\u00bb#333333&#8243; button_text=\u00bbVER M\u00c1S\u00bb button_link=\u00bb@ET-DC@eyJkeW5hbWljIjp0cnVlLCJjb250ZW50IjoicG9zdF9saW5rX3VybF9wYWdlIiwic2V0dGluZ3MiOnsicG9zdF9pZCI6Ijk4NzUwNTkyNyJ9fQ==@\u00bb _builder_version=\u00bb4.23.1&#8243; _dynamic_attributes=\u00bbbutton_link\u00bb _module_preset=\u00bbdefault\u00bb front_flip_text_font=\u00bb|700||on|||||\u00bb front_flip_text_text_align=\u00bbcenter\u00bb front_flip_text_line_height=\u00bb1.2em\u00bb btn_flip_text_font=\u00bb|700||on|||||\u00bb btn_flip_text_text_align=\u00bbcenter\u00bb btn_flip_text_text_color=\u00bb#ef672d\u00bb animation_style=\u00bbslide\u00bb global_colors_info=\u00bb{}\u00bb][\/dnxte_3d_flipbox][\/et_pb_column][\/et_pb_row][et_pb_row column_structure=\u00bb1_3,1_3,1_3&#8243; _builder_version=\u00bb4.22.2&#8243; _module_preset=\u00bbdefault\u00bb locked=\u00bboff\u00bb global_colors_info=\u00bb{}\u00bb][et_pb_column type=\u00bb1_3&#8243; _builder_version=\u00bb4.22.2&#8243; _module_preset=\u00bbdefault\u00bb global_colors_info=\u00bb{}\u00bb][dnxte_3d_flipbox front_icon_switch=\u00bboff\u00bb front_image_switch=\u00bbon\u00bb front_image=\u00bbhttps:\/\/bizart.cl\/wp-content\/uploads\/2024\/02\/Bizart_social-analytics-.png\u00bb front_heading=\u00bbSocial Analytics\u00bb front_bgc_color=\u00bb#0077ff\u00bb front_icon_size=\u00bb50px\u00bb front_icon_alignment=\u00bbcenter\u00bb front_image_size=\u00bb170px\u00bb front_image_alignment=\u00bbcenter\u00bb front_heading_padding=\u00bb|15px||15px|false|false\u00bb front_content_margin=\u00bb15px|15px|15px|15px|false|false\u00bb front_content_padding=\u00bb||||false|false\u00bb back_icon_switch=\u00bboff\u00bb back_content=\u00bb<\/p>\n<p style=%22text-align: center;%22>Para optimizar tus Redes Sociales y evaluar el impacto en tu negocio requieres tener una visi\u00f3n completa de cada red social.<\/p>\n<p>\u00bb back_bgc_color=\u00bb#333333&#8243; button_text=\u00bbVER M\u00c1S\u00bb button_link=\u00bb@ET-DC@eyJkeW5hbWljIjp0cnVlLCJjb250ZW50IjoicG9zdF9saW5rX3VybF9wYWdlIiwic2V0dGluZ3MiOnsicG9zdF9pZCI6Ijk4NzUwNjI1NCJ9fQ==@\u00bb _builder_version=\u00bb4.23.1&#8243; _dynamic_attributes=\u00bbbutton_link\u00bb _module_preset=\u00bbdefault\u00bb front_flip_text_font=\u00bb|700||on|||||\u00bb front_flip_text_text_align=\u00bbcenter\u00bb front_flip_text_line_height=\u00bb1.2em\u00bb btn_flip_text_font=\u00bb|700||on|||||\u00bb btn_flip_text_text_align=\u00bbcenter\u00bb btn_flip_text_text_color=\u00bb#ef672d\u00bb animation_style=\u00bbslide\u00bb hover_enabled=\u00bb0&#8243; global_colors_info=\u00bb{}\u00bb sticky_enabled=\u00bb0&#8243; title_text=\u00bbBizart_social analytics-\u00ab][\/dnxte_3d_flipbox][\/et_pb_column][et_pb_column type=\u00bb1_3&#8243; _builder_version=\u00bb4.22.2&#8243; _module_preset=\u00bbdefault\u00bb global_colors_info=\u00bb{}\u00bb][dnxte_3d_flipbox front_icon_switch=\u00bboff\u00bb front_image_switch=\u00bbon\u00bb front_image=\u00bbhttps:\/\/bizart.cl\/wp-content\/uploads\/2024\/02\/Bizart_sistema-de-mediciones-.png\u00bb front_heading=\u00bbSistema de Mediciones Balanced Scorecard-BI\u00bb front_bgc_color=\u00bb#f47e00&#8243; front_icon_size=\u00bb50px\u00bb front_icon_alignment=\u00bbcenter\u00bb front_image_size=\u00bb170px\u00bb front_image_alignment=\u00bbcenter\u00bb front_heading_padding=\u00bb|15px||15px|false|false\u00bb front_content_margin=\u00bb15px|15px|15px|15px|false|false\u00bb front_content_padding=\u00bb||||false|false\u00bb back_icon_switch=\u00bboff\u00bb back_content=\u00bb<\/p>\n<p style=%22text-align: center;%22>Las herramientas de Inteligencia de Negocio (BI) integrada con Balanced Scorecard (BSC), permite una toma de decisiones coherente y en el tiempo requerido para la organizaci\u00f3n.<\/p>\n<\/p>\n<p>\u00bb back_bgc_color=\u00bb#333333&#8243; button_text=\u00bbVER M\u00c1S\u00bb button_link=\u00bb@ET-DC@eyJkeW5hbWljIjp0cnVlLCJjb250ZW50IjoicG9zdF9saW5rX3VybF9wYWdlIiwic2V0dGluZ3MiOnsicG9zdF9pZCI6Ijk4NzUwNTkyNyJ9fQ==@\u00bb _builder_version=\u00bb4.23.1&#8243; _dynamic_attributes=\u00bbbutton_link\u00bb _module_preset=\u00bbdefault\u00bb front_flip_text_font=\u00bb|700||on|||||\u00bb front_flip_text_text_align=\u00bbcenter\u00bb front_flip_text_line_height=\u00bb1.2em\u00bb btn_flip_text_font=\u00bb|700||on|||||\u00bb btn_flip_text_text_align=\u00bbcenter\u00bb btn_flip_text_text_color=\u00bb#ef672d\u00bb animation_style=\u00bbslide\u00bb hover_enabled=\u00bb0&#8243; global_colors_info=\u00bb{}\u00bb title_text=\u00bbBizart_sistema de mediciones-\u00bb sticky_enabled=\u00bb0&#8243;][\/dnxte_3d_flipbox][\/et_pb_column][et_pb_column type=\u00bb1_3&#8243; _builder_version=\u00bb4.22.2&#8243; _module_preset=\u00bbdefault\u00bb global_colors_info=\u00bb{}\u00bb][dnxte_3d_flipbox front_icon_switch=\u00bboff\u00bb front_image_switch=\u00bbon\u00bb front_image=\u00bbhttps:\/\/bizart.cl\/wp-content\/uploads\/2024\/02\/Bizart_reporting-.png\u00bb front_heading=\u00bbServicio de Reporting\u00bb front_bgc_color=\u00bb#f80011&#8243; front_icon_size=\u00bb50px\u00bb front_icon_alignment=\u00bbcenter\u00bb front_image_size=\u00bb170px\u00bb front_image_alignment=\u00bbcenter\u00bb front_heading_padding=\u00bb|15px||15px|false|false\u00bb front_content_margin=\u00bb15px|15px|15px|15px|false|false\u00bb front_content_padding=\u00bb||||false|false\u00bb back_icon_switch=\u00bboff\u00bb back_content=\u00bb<\/p>\n<p style=%22text-align: center;%22>Servicio Reporting en modalidad outsourcing, te permite liberar horas de administraci\u00f3n para enfocarte en la gesti\u00f3n de tu negocio u organizaci\u00f3n.<\/p>\n<p>\u00bb back_bgc_color=\u00bb#333333&#8243; button_text=\u00bbSABER M\u00c1S\u00bb button_link=\u00bb@ET-DC@eyJkeW5hbWljIjp0cnVlLCJjb250ZW50IjoicG9zdF9saW5rX3VybF9wYWdlIiwic2V0dGluZ3MiOnsicG9zdF9pZCI6IjYwIn19@\u00bb _builder_version=\u00bb4.23.1&#8243; _dynamic_attributes=\u00bbbutton_link\u00bb _module_preset=\u00bbdefault\u00bb front_flip_text_font=\u00bb|700||on|||||\u00bb front_flip_text_text_align=\u00bbcenter\u00bb front_flip_text_line_height=\u00bb1.2em\u00bb btn_flip_text_font=\u00bb|700||on|||||\u00bb btn_flip_text_text_align=\u00bbcenter\u00bb btn_flip_text_text_color=\u00bb#ef672d\u00bb animation_style=\u00bbslide\u00bb hover_enabled=\u00bb0&#8243; global_colors_info=\u00bb{}\u00bb title_text=\u00bbBizart_reporting-\u00bb sticky_enabled=\u00bb0&#8243;][\/dnxte_3d_flipbox][\/et_pb_column][\/et_pb_row][\/et_pb_section]<\/p>\n","protected":false},"excerpt":{"rendered":"<p>Servicios Consulta por nuestros servicios de capacitaci\u00f3n, soporte o configuraci\u00f3n.<div class=\"et_pb_module dnxte_3d_flipbox dnxte_3d_flipbox_0 et_animated\">\n\t\t\t\t\n\t\t\t\t\n\t\t\t\t\n\t\t\t\t\n\t\t\t\t\n\t\t\t\t\n\t\t\t\t<div class=\"et_pb_module_inner\">\n\t\t\t\t\t<div class=\"dnext-3d-transform-flpb-box-item\">\n\t\t\t\t<div class=\"dnext-3d-transform-flpb-flip-box\">\n\t\t\t\t\t<div class=\"dnext-3d-transform-flpb-flip-box-front\">\n\t\t\t<div class=\"dnext-3d-transform-flpb-inner dnext-3d-flpb-flibbox-icon-front\">\n\t\t\t\t<div class=\"dnext-3d-flipbox-image front_image_alignment_center\"><img loading=\"lazy\" decoding=\"async\" width=\"350\" height=\"350\" src=\"https:\/\/bizart.cl\/wp-content\/uploads\/2024\/01\/Bizart-servicios-zoho.png\" alt=\"default\" class=\"dnext-3d-flipbox-front-image wp-image-987506567\" srcset=\"https:\/\/bizart.cl\/wp-content\/uploads\/2024\/01\/Bizart-servicios-zoho.png 350w, https:\/\/bizart.cl\/wp-content\/uploads\/2024\/01\/Bizart-servicios-zoho-300x300.png 300w, https:\/\/bizart.cl\/wp-content\/uploads\/2024\/01\/Bizart-servicios-zoho-150x150.png 150w\" sizes=\"(max-width: 350px) 100vw, 350px\" \/><\/div>\n\t\t\t\t<h4 class=\"dnext-3d-transform-flpb-flip-box-header\">Zoho Services<\/h4>\n\t\t\t\t\n\t\t\t<\/div>\n\t\t<\/div>\n\t\t\t\t\t<div class=\"dnext-3d-transform-flpb-flip-box-back\">\n            <div class=\"dnext-3d-transform-flpb-inner dnext-3d-flpb-flibbox-icon-back\">\n                \n                <div class=\"dnext-3d-flipbox-back-pra\">Ask about our training, support or configuration services for Zoho applications.<\/div>\n                <div class=\"dnext-3d-flpb-flibbox-flip-button\"><a href=\"\" class=\"dnext-3d-flpb-flibbox-readmore\" target=\"\">SEE MORE<\/a><\/div>\n            <\/div>\n        <\/div>\n\t\t\t\t\t<div class=\"dnext-3d-flpb-flank\"><\/div>\n\t\t\t\t<\/div>\n\t\t\t<\/div>\n\t\t\t\t<\/div>\n\t\t\t<\/div><div class=\"et_pb_module dnxte_3d_flipbox dnxte_3d_flipbox_1\">\n\t\t\t\t\n\t\t\t\t\n\t\t\t\t\n\t\t\t\t\n\t\t\t\t\n\t\t\t\t\n\t\t\t\t<div class=\"et_pb_module_inner\">\n\t\t\t\t\t<div class=\"dnext-3d-transform-flpb-box-item\">\n\t\t\t\t<div class=\"dnext-3d-transform-flpb-flip-box\">\n\t\t\t\t\t<div class=\"dnext-3d-transform-flpb-flip-box-front\">\n\t\t\t<div class=\"dnext-3d-transform-flpb-inner dnext-3d-flpb-flibbox-icon-front\">\n\t\t\t\t<span class=\"et-pb-icon\" data-icon=\"#\" data-icon-tablet=\"#\" data-icon-phone=\"#\"><\/span><div class=\"dnext-3d-flipbox-image\"><img decoding=\"async\" src=\"\u00bbhttps:\/\/bizart.cl\/wp-content\/uploads\/2024\/01\/Bizart-servicios-cursos-1.png\u00bb\" alt=\"default\" class=\"dnext-3d-flipbox-front-image\"\/><\/div>\n\t\t\t\t<h4 class=\"dnext-3d-transform-flpb-flip-box-header\">\u00bbCursos<\/h4>\n\t\t\t\t\n\t\t\t<\/div>\n\t\t<\/div>\n\t\t\t\t\t<div class=\"dnext-3d-transform-flpb-flip-box-back\">\n            <div class=\"dnext-3d-transform-flpb-inner dnext-3d-flpb-flibbox-icon-back\">\n                <span class=\"et-pb-icon\" data-icon=\"$\" data-icon-tablet=\"$\" data-icon-phone=\"$\"><\/span>\n                \n                <div class=\"dnext-3d-flpb-flibbox-flip-button\"><a href=\"\" class=\"dnext-3d-flpb-flibbox-readmore\" target=\"\">Button Text<\/a><\/div>\n            <\/div>\n        <\/div>\n\t\t\t\t\t<div class=\"dnext-3d-flpb-flank\"><\/div>\n\t\t\t\t<\/div>\n\t\t\t<\/div>\n\t\t\t\t<\/div>\n\t\t\t<\/div><\/p>","protected":false},"author":1,"featured_media":0,"parent":0,"menu_order":0,"comment_status":"closed","ping_status":"closed","template":"","meta":{"_et_pb_use_builder":"on","_et_pb_old_content":"<!-- wp:divi\/placeholder \/-->","_et_gb_content_width":"795","footnotes":""},"class_list":["post-58","page","type-page","status-publish","hentry"],"yoast_head":"<!-- This site is optimized with the Yoast SEO Premium plugin v26.9 (Yoast SEO v27.4) - https:\/\/yoast.com\/product\/yoast-seo-premium-wordpress\/ -->\n<title>Servicios - Bizart<\/title>\n<meta name=\"robots\" content=\"index, follow, max-snippet:-1, max-image-preview:large, max-video-preview:-1\" \/>\n<link rel=\"canonical\" href=\"https:\/\/bizart.cl\/en\/servicios\/\" \/>\n<meta property=\"og:locale\" content=\"en_US\" \/>\n<meta property=\"og:type\" content=\"article\" \/>\n<meta property=\"og:title\" content=\"Servicios\" \/>\n<meta property=\"og:description\" content=\"Servicios Consulta por nuestros servicios de capacitaci\u00f3n, soporte o configuraci\u00f3n.\" \/>\n<meta property=\"og:url\" content=\"https:\/\/bizart.cl\/en\/servicios\/\" \/>\n<meta property=\"og:site_name\" content=\"Bizart\" \/>\n<meta property=\"article:publisher\" content=\"https:\/\/www.facebook.com\/bizartsolutions\/\" \/>\n<meta property=\"article:modified_time\" content=\"2024-02-02T12:53:23+00:00\" \/>\n<meta property=\"og:image\" content=\"https:\/\/bizart.cl\/wp-content\/uploads\/2023\/12\/Bizart_bizart-25-1.png\" \/>\n<meta name=\"twitter:card\" content=\"summary_large_image\" \/>\n<meta name=\"twitter:label1\" content=\"Est. reading time\" \/>\n\t<meta name=\"twitter:data1\" content=\"1 minute\" \/>\n<script type=\"application\/ld+json\" class=\"yoast-schema-graph\">{\"@context\":\"https:\\\/\\\/schema.org\",\"@graph\":[{\"@type\":\"WebPage\",\"@id\":\"https:\\\/\\\/bizart.cl\\\/servicios\\\/\",\"url\":\"https:\\\/\\\/bizart.cl\\\/servicios\\\/\",\"name\":\"Servicios - Bizart\",\"isPartOf\":{\"@id\":\"https:\\\/\\\/bizart.cl\\\/#website\"},\"primaryImageOfPage\":{\"@id\":\"https:\\\/\\\/bizart.cl\\\/servicios\\\/#primaryimage\"},\"image\":{\"@id\":\"https:\\\/\\\/bizart.cl\\\/servicios\\\/#primaryimage\"},\"thumbnailUrl\":\"https:\\\/\\\/bizart.cl\\\/wp-content\\\/uploads\\\/2023\\\/12\\\/Bizart_bizart-25-1.png\",\"datePublished\":\"2023-10-13T21:24:01+00:00\",\"dateModified\":\"2024-02-02T12:53:23+00:00\",\"breadcrumb\":{\"@id\":\"https:\\\/\\\/bizart.cl\\\/servicios\\\/#breadcrumb\"},\"inLanguage\":\"en-US\",\"potentialAction\":[{\"@type\":\"ReadAction\",\"target\":[\"https:\\\/\\\/bizart.cl\\\/servicios\\\/\"]}]},{\"@type\":\"ImageObject\",\"inLanguage\":\"en-US\",\"@id\":\"https:\\\/\\\/bizart.cl\\\/servicios\\\/#primaryimage\",\"url\":\"https:\\\/\\\/bizart.cl\\\/wp-content\\\/uploads\\\/2023\\\/12\\\/Bizart_bizart-25-1.png\",\"contentUrl\":\"https:\\\/\\\/bizart.cl\\\/wp-content\\\/uploads\\\/2023\\\/12\\\/Bizart_bizart-25-1.png\"},{\"@type\":\"BreadcrumbList\",\"@id\":\"https:\\\/\\\/bizart.cl\\\/servicios\\\/#breadcrumb\",\"itemListElement\":[{\"@type\":\"ListItem\",\"position\":1,\"name\":\"Portada\",\"item\":\"https:\\\/\\\/bizart.cl\\\/\"},{\"@type\":\"ListItem\",\"position\":2,\"name\":\"Servicios\"}]},{\"@type\":\"WebSite\",\"@id\":\"https:\\\/\\\/bizart.cl\\\/#website\",\"url\":\"https:\\\/\\\/bizart.cl\\\/\",\"name\":\"Bizart\",\"description\":\"Servicios de consultor\u00eda y Software de gesti\u00f3n\",\"publisher\":{\"@id\":\"https:\\\/\\\/bizart.cl\\\/#organization\"},\"potentialAction\":[{\"@type\":\"SearchAction\",\"target\":{\"@type\":\"EntryPoint\",\"urlTemplate\":\"https:\\\/\\\/bizart.cl\\\/?s={search_term_string}\"},\"query-input\":{\"@type\":\"PropertyValueSpecification\",\"valueRequired\":true,\"valueName\":\"search_term_string\"}}],\"inLanguage\":\"en-US\"},{\"@type\":\"Organization\",\"@id\":\"https:\\\/\\\/bizart.cl\\\/#organization\",\"name\":\"Bizart\",\"url\":\"https:\\\/\\\/bizart.cl\\\/\",\"logo\":{\"@type\":\"ImageObject\",\"inLanguage\":\"en-US\",\"@id\":\"https:\\\/\\\/bizart.cl\\\/#\\\/schema\\\/logo\\\/image\\\/\",\"url\":\"https:\\\/\\\/bizart.cl\\\/wp-content\\\/uploads\\\/2023\\\/10\\\/logo-bizart.png\",\"contentUrl\":\"https:\\\/\\\/bizart.cl\\\/wp-content\\\/uploads\\\/2023\\\/10\\\/logo-bizart.png\",\"width\":588,\"height\":180,\"caption\":\"Bizart\"},\"image\":{\"@id\":\"https:\\\/\\\/bizart.cl\\\/#\\\/schema\\\/logo\\\/image\\\/\"},\"sameAs\":[\"https:\\\/\\\/www.facebook.com\\\/bizartsolutions\\\/\",\"https:\\\/\\\/www.linkedin.com\\\/company\\\/3766366\\\/\",\"https:\\\/\\\/www.youtube.com\\\/channel\\\/UCu-uc_f5ClqkWrDXQI1jjPw\"]}]}<\/script>\n<!-- \/ Yoast SEO Premium plugin. -->","yoast_head_json":{"title":"Servicios - Bizart","robots":{"index":"index","follow":"follow","max-snippet":"max-snippet:-1","max-image-preview":"max-image-preview:large","max-video-preview":"max-video-preview:-1"},"canonical":"https:\/\/bizart.cl\/en\/servicios\/","og_locale":"en_US","og_type":"article","og_title":"Servicios","og_description":"Servicios Consulta por nuestros servicios de capacitaci\u00f3n, soporte o configuraci\u00f3n.","og_url":"https:\/\/bizart.cl\/en\/servicios\/","og_site_name":"Bizart","article_publisher":"https:\/\/www.facebook.com\/bizartsolutions\/","article_modified_time":"2024-02-02T12:53:23+00:00","og_image":[{"url":"https:\/\/bizart.cl\/wp-content\/uploads\/2023\/12\/Bizart_bizart-25-1.png","type":"","width":"","height":""}],"twitter_card":"summary_large_image","twitter_misc":{"Est. reading time":"1 minute"},"schema":{"@context":"https:\/\/schema.org","@graph":[{"@type":"WebPage","@id":"https:\/\/bizart.cl\/servicios\/","url":"https:\/\/bizart.cl\/servicios\/","name":"Servicios - Bizart","isPartOf":{"@id":"https:\/\/bizart.cl\/#website"},"primaryImageOfPage":{"@id":"https:\/\/bizart.cl\/servicios\/#primaryimage"},"image":{"@id":"https:\/\/bizart.cl\/servicios\/#primaryimage"},"thumbnailUrl":"https:\/\/bizart.cl\/wp-content\/uploads\/2023\/12\/Bizart_bizart-25-1.png","datePublished":"2023-10-13T21:24:01+00:00","dateModified":"2024-02-02T12:53:23+00:00","breadcrumb":{"@id":"https:\/\/bizart.cl\/servicios\/#breadcrumb"},"inLanguage":"en-US","potentialAction":[{"@type":"ReadAction","target":["https:\/\/bizart.cl\/servicios\/"]}]},{"@type":"ImageObject","inLanguage":"en-US","@id":"https:\/\/bizart.cl\/servicios\/#primaryimage","url":"https:\/\/bizart.cl\/wp-content\/uploads\/2023\/12\/Bizart_bizart-25-1.png","contentUrl":"https:\/\/bizart.cl\/wp-content\/uploads\/2023\/12\/Bizart_bizart-25-1.png"},{"@type":"BreadcrumbList","@id":"https:\/\/bizart.cl\/servicios\/#breadcrumb","itemListElement":[{"@type":"ListItem","position":1,"name":"Portada","item":"https:\/\/bizart.cl\/"},{"@type":"ListItem","position":2,"name":"Servicios"}]},{"@type":"WebSite","@id":"https:\/\/bizart.cl\/#website","url":"https:\/\/bizart.cl\/","name":"Bizart","description":"Consulting Services and Management Software","publisher":{"@id":"https:\/\/bizart.cl\/#organization"},"potentialAction":[{"@type":"SearchAction","target":{"@type":"EntryPoint","urlTemplate":"https:\/\/bizart.cl\/?s={search_term_string}"},"query-input":{"@type":"PropertyValueSpecification","valueRequired":true,"valueName":"search_term_string"}}],"inLanguage":"en-US"},{"@type":"Organization","@id":"https:\/\/bizart.cl\/#organization","name":"Bizart","url":"https:\/\/bizart.cl\/","logo":{"@type":"ImageObject","inLanguage":"en-US","@id":"https:\/\/bizart.cl\/#\/schema\/logo\/image\/","url":"https:\/\/bizart.cl\/wp-content\/uploads\/2023\/10\/logo-bizart.png","contentUrl":"https:\/\/bizart.cl\/wp-content\/uploads\/2023\/10\/logo-bizart.png","width":588,"height":180,"caption":"Bizart"},"image":{"@id":"https:\/\/bizart.cl\/#\/schema\/logo\/image\/"},"sameAs":["https:\/\/www.facebook.com\/bizartsolutions\/","https:\/\/www.linkedin.com\/company\/3766366\/","https:\/\/www.youtube.com\/channel\/UCu-uc_f5ClqkWrDXQI1jjPw"]}]}},"_links":{"self":[{"href":"https:\/\/bizart.cl\/en\/wp-json\/wp\/v2\/pages\/58","targetHints":{"allow":["GET"]}}],"collection":[{"href":"https:\/\/bizart.cl\/en\/wp-json\/wp\/v2\/pages"}],"about":[{"href":"https:\/\/bizart.cl\/en\/wp-json\/wp\/v2\/types\/page"}],"author":[{"embeddable":true,"href":"https:\/\/bizart.cl\/en\/wp-json\/wp\/v2\/users\/1"}],"replies":[{"embeddable":true,"href":"https:\/\/bizart.cl\/en\/wp-json\/wp\/v2\/comments?post=58"}],"version-history":[{"count":25,"href":"https:\/\/bizart.cl\/en\/wp-json\/wp\/v2\/pages\/58\/revisions"}],"predecessor-version":[{"id":987506697,"href":"https:\/\/bizart.cl\/en\/wp-json\/wp\/v2\/pages\/58\/revisions\/987506697"}],"wp:attachment":[{"href":"https:\/\/bizart.cl\/en\/wp-json\/wp\/v2\/media?parent=58"}],"curies":[{"name":"wp","href":"https:\/\/api.w.org\/{rel}","templated":true}]}}