{"id":60,"date":"2023-10-13T21:25:34","date_gmt":"2023-10-13T21:25:34","guid":{"rendered":"https:\/\/bizart.cl\/?page_id=60"},"modified":"2026-02-09T23:32:27","modified_gmt":"2026-02-09T23:32:27","slug":"contacto","status":"publish","type":"page","link":"https:\/\/bizart.cl\/en\/contacto\/","title":{"rendered":"Contact"},"content":{"rendered":"<p>[et_pb_section fb_built=\u00bb1&#8243; admin_label=\u00bbHeader\u00bb _builder_version=\u00bb4.23.1&#8243; _module_preset=\u00bbdefault\u00bb background_color=\u00bbrgba(17,0,0,0.6)\u00bb background_image=\u00bbhttps:\/\/bizart.cl\/wp-content\/uploads\/2023\/10\/Fondo-banner-inicio-bizart.jpg\u00bb background_blend=\u00bbmultiply\u00bb custom_padding=\u00bb29px||0px|||\u00bb locked=\u00bboff\u00bb collapsed=\u00bbon\u00bb global_colors_info=\u00bb{}\u00bb][et_pb_row _builder_version=\u00bb4.22.2&#8243; _module_preset=\u00bbdefault\u00bb background_color=\u00bbrgba(0,0,0,0.5)\u00bb global_colors_info=\u00bb{}\u00bb][et_pb_column type=\u00bb4_4&#8243; _builder_version=\u00bb4.22.2&#8243; _module_preset=\u00bbdefault\u00bb global_colors_info=\u00bb{}\u00bb][et_pb_slider _builder_version=\u00bb4.23.1&#8243; _module_preset=\u00bbdefault\u00bb header_font=\u00bb|700|||||||\u00bb body_text_color=\u00bb#FFFFFF\u00bb body_font_size=\u00bb22px\u00bb background_color=\u00bbRGBA(255,255,255,0)\u00bb custom_button=\u00bbon\u00bb button_text_size=\u00bb16px\u00bb button_bg_color=\u00bb#ef672d\u00bb button_border_width=\u00bb0px\u00bb button_border_radius=\u00bb0px\u00bb button_font=\u00bb|700|||||||\u00bb custom_padding=\u00bb5px||70px|||\u00bb global_colors_info=\u00bb{}\u00bb][et_pb_slide _builder_version=\u00bb4.23.1&#8243; _module_preset=\u00bbdefault\u00bb header_font_size=\u00bb40px\u00bb global_colors_info=\u00bb{}\u00bb sticky_transition=\u00bbon\u00bb]<\/p>\n<p style=\"text-align: center;\"><img loading=\"lazy\" decoding=\"async\" class=\"wp-image-987506019 alignnone size-full\" src=\"https:\/\/bizart.cl\/wp-content\/uploads\/2023\/12\/Bizart_bizart-25-1.png\" alt=\"\" width=\"149\" height=\"149\" srcset=\"https:\/\/bizart.cl\/wp-content\/uploads\/2023\/12\/Bizart_bizart-25-1.png 250w, https:\/\/bizart.cl\/wp-content\/uploads\/2023\/12\/Bizart_bizart-25-1-150x150.png 150w\" sizes=\"(max-width: 149px) 100vw, 149px\" \/><\/p>\n<h1 style=\"text-align: center;\"><strong>Contacto<\/strong><\/h1>\n<p class=\"text-align-justify\">Consulta\u00a0por las soluciones tecnol\u00f3gicas, servicios de consultor\u00eda, cursos o solicita\u00a0una presentaci\u00f3n y pronto te\u00a0contactaremos.<\/p>\n<p>[\/et_pb_slide][\/et_pb_slider][\/et_pb_column][\/et_pb_row][\/et_pb_section][et_pb_section fb_built=\u00bb1&#8243; admin_label=\u00bbCourses\u00bb _builder_version=\u00bb4.22.2&#8243; _module_preset=\u00bbdefault\u00bb background_color=\u00bb#FFFFFF\u00bb collapsed=\u00bbon\u00bb global_colors_info=\u00bb{}\u00bb][et_pb_row column_structure=\u00bb1_2,1_2&#8243; _builder_version=\u00bb4.23.1&#8243; _module_preset=\u00bbdefault\u00bb width=\u00bb79.5%\u00bb custom_margin=\u00bb|auto|1px|auto|false|false\u00bb global_colors_info=\u00bb{}\u00bb custom_padding=\u00bb||22px|||\u00bb min_height=\u00bb630.6px\u00bb][et_pb_column type=\u00bb1_2&#8243; _builder_version=\u00bb4.23.1&#8243; _module_preset=\u00bbdefault\u00bb global_colors_info=\u00bb{}\u00bb][et_pb_text _builder_version=\u00bb4.23.1&#8243; _module_preset=\u00bbdefault\u00bb text_font=\u00bb|600|||||||\u00bb text_font_size=\u00bb16px\u00bb min_height=\u00bb116.6px\u00bb custom_margin=\u00bb15px|||15px|false|false\u00bb locked=\u00bboff\u00bb global_colors_info=\u00bb{}\u00bb]<\/p>\n<h4 style=\"text-align: justify;\">\u00a1Conversemos!<\/h4>\n<p style=\"text-align: justify;\">Consulta por las soluciones tecnol\u00f3gicas, servicios de consultor\u00eda, cursos o solicita una presentaci\u00f3n de la soluci\u00f3n de tu inter\u00e9s (Inteligencia de Negocio, CRM, Marketing, Big Data, otras) y pronto te contactaremos.<br \/><strong>\u00a1Feliz Conocer Tu Proyecto!<\/strong><\/p>\n<p>[\/et_pb_text][et_pb_image src=\u00bbhttps:\/\/bizart.cl\/wp-content\/uploads\/2023\/10\/logo-bizart-menu.png\u00bb title_text=\u00bblogo-bizart-menu\u00bb _builder_version=\u00bb4.23.1&#8243; _module_preset=\u00bbdefault\u00bb global_colors_info=\u00bb{}\u00bb][\/et_pb_image][et_pb_blurb use_icon=\u00bbon\u00bb font_icon=\u00bb&#xf232;||fa||400&#8243; icon_placement=\u00bbleft\u00bb image_icon_width=\u00bb30px\u00bb _builder_version=\u00bb4.23.1&#8243; _module_preset=\u00bbdefault\u00bb body_font=\u00bb|600|||||||\u00bb body_font_size=\u00bb16px\u00bb text_orientation=\u00bbjustified\u00bb custom_margin=\u00bb0px|||15px|false|false\u00bb custom_padding=\u00bb|6px||0px|false|false\u00bb locked=\u00bboff\u00bb global_colors_info=\u00bb{}\u00bb]<\/p>\n<h4>M\u00f3vil y WhatsApp: <strong>+56 9 9940 0628<\/strong><\/h4>\n<p>[\/et_pb_blurb][et_pb_blurb use_icon=\u00bbon\u00bb font_icon=\u00bb&#xf0e0;||fa||900&#8243; icon_placement=\u00bbleft\u00bb image_icon_width=\u00bb30px\u00bb _builder_version=\u00bb4.23.1&#8243; _module_preset=\u00bbdefault\u00bb header_line_height=\u00bb2.1em\u00bb body_font=\u00bb|600|||||||\u00bb body_font_size=\u00bb16px\u00bb body_line_height=\u00bb2.1em\u00bb text_orientation=\u00bbjustified\u00bb custom_margin=\u00bb0px|||15px|false|false\u00bb custom_padding=\u00bb3px|6px||0px|false|false\u00bb locked=\u00bboff\u00bb global_colors_info=\u00bb{}\u00bb]<\/p>\n<h4 style=\"text-align: left;\">Correo electr\u00f3nico: <a href=\"mailto:contacto@bizart.cl\"><strong>contacto@bizart.cl<\/strong><\/a><\/h4>\n<p>[\/et_pb_blurb][et_pb_blurb use_icon=\u00bbon\u00bb font_icon=\u00bb&#xe0a2;||divi||400&#8243; icon_placement=\u00bbleft\u00bb image_icon_width=\u00bb30px\u00bb _builder_version=\u00bb4.23.1&#8243; _module_preset=\u00bbdefault\u00bb body_font=\u00bb|600|||||||\u00bb body_font_size=\u00bb16px\u00bb text_orientation=\u00bbjustified\u00bb custom_margin=\u00bb0px|||15px|false|false\u00bb custom_padding=\u00bb|6px|0px|0px|false|false\u00bb locked=\u00bboff\u00bb global_colors_info=\u00bb{}\u00bb]<\/p>\n<div class=\"col-md-6\">\n<div>\n<h4>Skype: <strong>contacto.bizart<\/strong><\/h4>\n<\/div>\n<\/div>\n<div class=\"col-md-6\">\n<div>\n<div id=\"crmWebToEntityForm\" class=\"zcwf_lblLeft crmWebToEntityForm\">\n<form id=\"WebToLeads4296399000025923001\" accept-charset=\"UTF-8\" action=\"https:\/\/web.archive.org\/web\/20230331095634\/https:\/\/crm.zoho.com\/crm\/WebToLeadForm\" method=\"POST\" name=\"WebToLeads4296399000025923001\"><\/form>\n<\/div>\n<\/div>\n<\/div>\n<p>[\/et_pb_blurb][et_pb_blurb use_icon=\u00bbon\u00bb font_icon=\u00bb&#xf54f;||fa||900&#8243; icon_placement=\u00bbleft\u00bb image_icon_width=\u00bb30px\u00bb _builder_version=\u00bb4.23.1&#8243; _module_preset=\u00bbdefault\u00bb header_line_height=\u00bb2.1em\u00bb body_font=\u00bb|600|||||||\u00bb body_font_size=\u00bb16px\u00bb body_line_height=\u00bb2.4em\u00bb text_orientation=\u00bbjustified\u00bb custom_margin=\u00bb0px|||15px|false|false\u00bb custom_padding=\u00bb|6px||0px|false|false\u00bb hover_enabled=\u00bb0&#8243; locked=\u00bboff\u00bb global_colors_info=\u00bb{}\u00bb sticky_enabled=\u00bb0&#8243;]<\/p>\n<h4>Direcci\u00f3n: <strong>Av. Pocuro # 2369, Of. 304, Santiago, Chile<\/strong><\/h4>\n<p>[\/et_pb_blurb][\/et_pb_column][et_pb_column type=\u00bb1_2&#8243; _builder_version=\u00bb4.23.1&#8243; _module_preset=\u00bbdefault\u00bb global_colors_info=\u00bb{}\u00bb][et_pb_text _builder_version=\u00bb4.23.1&#8243; _module_preset=\u00bbdefault\u00bb global_colors_info=\u00bb{}\u00bb]<\/p>\n\n<p>[\/et_pb_text][et_pb_text _builder_version=\u00bb4.23.1&#8243; _module_preset=\u00bbdefault\u00bb global_colors_info=\u00bb{}\u00bb]<\/p>\n<iframe aria-label=\"Contacto-BIZART-CRM-3-English\" frameborder=\"0\" style=\"height: 870px; width: 99%; border: none;\" src=\"https:\/\/forms.zohopublic.com\/bizart\/form\/ContactoBIZARTCRM3English\/formperma\/bOHAuuwdEszTmwkZM9aKZZKPFxN59vVEghba8plWA6A\"><\/iframe><\/p>\n<p>\n<p>[\/et_pb_text][\/et_pb_column][\/et_pb_row][et_pb_row _builder_version=\u00bb4.23.1&#8243; _module_preset=\u00bbdefault\u00bb column_structure=\u00bb1_3,1_3,1_3&#8243;][et_pb_column _builder_version=\u00bb4.23.1&#8243; _module_preset=\u00bbdefault\u00bb type=\u00bb1_3&#8243;][\/et_pb_column][et_pb_column _builder_version=\u00bb4.23.1&#8243; _module_preset=\u00bbdefault\u00bb type=\u00bb1_3&#8243;][et_pb_button button_text=\u00bbTrabaja con Nosotros\u00bb _builder_version=\u00bb4.23.1&#8243; _module_preset=\u00bbdefault\u00bb url_new_window=\u00bbon\u00bb button_url=\u00bbhttps:\/\/zfrmz.com\/YI99WkPOERdcgJPHkWxW\u00bb hover_enabled=\u00bb0&#8243; sticky_enabled=\u00bb0&#8243; button_alignment=\u00bbcenter\u00bb custom_button=\u00bbon\u00bb button_text_size=\u00bb27px\u00bb button_text_color=\u00bb#FFFFFF\u00bb button_bg_color=\u00bb#0C71C3&#8243; button_bg_enable_color=\u00bbon\u00bb button_border_width=\u00bb3px\u00bb button_border_radius=\u00bb9px\u00bb button_letter_spacing=\u00bb2px\u00bb button_icon=\u00bb&#xe059;||divi||400&#8243; button_icon_placement=\u00bbleft\u00bb button_icon_color=\u00bb#FFFFFF\u00bb button_on_hover=\u00bboff\u00bb][\/et_pb_button][\/et_pb_column][et_pb_column _builder_version=\u00bb4.23.1&#8243; _module_preset=\u00bbdefault\u00bb type=\u00bb1_3&#8243;][\/et_pb_column][\/et_pb_row][et_pb_row column_structure=\u00bb1_3,1_3,1_3&#8243; _builder_version=\u00bb4.23.1&#8243; _module_preset=\u00bbdefault\u00bb global_colors_info=\u00bb{}\u00bb][et_pb_column type=\u00bb1_3&#8243; _builder_version=\u00bb4.23.1&#8243; _module_preset=\u00bbdefault\u00bb global_colors_info=\u00bb{}\u00bb][et_pb_number_counter title=\u00bbProyectos\u00bb number=\u00bb+40&#8243; percent_sign=\u00bboff\u00bb _builder_version=\u00bb4.23.1&#8243; _module_preset=\u00bbdefault\u00bb title_font=\u00bb|700|||||||\u00bb animation_style=\u00bbzoom\u00bb hover_enabled=\u00bb0&#8243; global_colors_info=\u00bb{}\u00bb sticky_enabled=\u00bb0&#8243;][\/et_pb_number_counter][\/et_pb_column][et_pb_column type=\u00bb1_3&#8243; _builder_version=\u00bb4.23.1&#8243; _module_preset=\u00bbdefault\u00bb global_colors_info=\u00bb{}\u00bb][et_pb_number_counter title=\u00bbHoras de capacitaci\u00f3n\u00bb number=\u00bb+150&#8243; percent_sign=\u00bboff\u00bb _builder_version=\u00bb4.23.1&#8243; _module_preset=\u00bbdefault\u00bb title_font=\u00bb|700|||||||\u00bb animation_style=\u00bbzoom\u00bb global_colors_info=\u00bb{}\u00bb][\/et_pb_number_counter][\/et_pb_column][et_pb_column type=\u00bb1_3&#8243; _builder_version=\u00bb4.23.1&#8243; _module_preset=\u00bbdefault\u00bb global_colors_info=\u00bb{}\u00bb][et_pb_number_counter title=\u00bbPa\u00edses con Presencia\u00bb number=\u00bb+6&#8243; percent_sign=\u00bboff\u00bb _builder_version=\u00bb4.23.1&#8243; _module_preset=\u00bbdefault\u00bb title_font=\u00bb|700|||||||\u00bb animation_style=\u00bbzoom\u00bb global_colors_info=\u00bb{}\u00bb][\/et_pb_number_counter][\/et_pb_column][\/et_pb_row][\/et_pb_section]<\/p>\n","protected":false},"excerpt":{"rendered":"<p>Contacto Consulta\u00a0por las soluciones tecnol\u00f3gicas, servicios de consultor\u00eda, cursos o solicita\u00a0una presentaci\u00f3n y pronto te\u00a0contactaremos. \u00a1Conversemos! Consulta por las soluciones tecnol\u00f3gicas, servicios de consultor\u00eda, cursos o solicita una presentaci\u00f3n de la soluci\u00f3n de tu inter\u00e9s (Inteligencia de Negocio, CRM, Marketing, Big Data, otras) y pronto te contactaremos.\u00a1Feliz Conocer Tu Proyecto!M\u00f3vil y WhatsApp: +56 9 9940 [&hellip;]<\/p>\n","protected":false},"author":1,"featured_media":0,"parent":0,"menu_order":0,"comment_status":"closed","ping_status":"closed","template":"","meta":{"_et_pb_use_builder":"on","_et_pb_old_content":"","_et_gb_content_width":"","footnotes":""},"class_list":["post-60","page","type-page","status-publish","hentry"],"yoast_head":"<!-- This site is optimized with the Yoast SEO Premium plugin v26.9 (Yoast SEO v27.5) - https:\/\/yoast.com\/product\/yoast-seo-premium-wordpress\/ -->\n<title>Contacto - Bizart<\/title>\n<meta name=\"description\" content=\"\u00a1Cont\u00e1ctanos! y conversemos de tu proyecto de transformaci\u00f3n digital o consultor\u00eda de negocio\" \/>\n<meta name=\"robots\" content=\"index, follow, max-snippet:-1, max-image-preview:large, max-video-preview:-1\" \/>\n<link rel=\"canonical\" href=\"https:\/\/bizart.cl\/en\/contacto\/\" \/>\n<meta property=\"og:locale\" content=\"en_US\" \/>\n<meta property=\"og:type\" content=\"article\" \/>\n<meta property=\"og:title\" content=\"Contacto\" \/>\n<meta property=\"og:description\" content=\"\u00a1Cont\u00e1ctanos! y conversemos de tu proyecto de transformaci\u00f3n digital o consultor\u00eda de negocio\" \/>\n<meta property=\"og:url\" content=\"https:\/\/bizart.cl\/en\/contacto\/\" \/>\n<meta property=\"og:site_name\" content=\"Bizart\" \/>\n<meta property=\"article:publisher\" content=\"https:\/\/www.facebook.com\/bizartsolutions\/\" \/>\n<meta property=\"article:modified_time\" content=\"2026-02-09T23:32:27+00:00\" \/>\n<meta property=\"og:image\" content=\"https:\/\/bizart.cl\/wp-content\/uploads\/2023\/12\/Bizart_bizart-25-1.png\" \/>\n<meta name=\"twitter:card\" content=\"summary_large_image\" \/>\n<meta name=\"twitter:label1\" content=\"Est. reading time\" \/>\n\t<meta name=\"twitter:data1\" content=\"1 minute\" \/>\n<script type=\"application\/ld+json\" class=\"yoast-schema-graph\">{\"@context\":\"https:\\\/\\\/schema.org\",\"@graph\":[{\"@type\":\"WebPage\",\"@id\":\"https:\\\/\\\/bizart.cl\\\/contacto\\\/\",\"url\":\"https:\\\/\\\/bizart.cl\\\/contacto\\\/\",\"name\":\"Contacto - Bizart\",\"isPartOf\":{\"@id\":\"https:\\\/\\\/bizart.cl\\\/#website\"},\"primaryImageOfPage\":{\"@id\":\"https:\\\/\\\/bizart.cl\\\/contacto\\\/#primaryimage\"},\"image\":{\"@id\":\"https:\\\/\\\/bizart.cl\\\/contacto\\\/#primaryimage\"},\"thumbnailUrl\":\"https:\\\/\\\/bizart.cl\\\/wp-content\\\/uploads\\\/2023\\\/12\\\/Bizart_bizart-25-1.png\",\"datePublished\":\"2023-10-13T21:25:34+00:00\",\"dateModified\":\"2026-02-09T23:32:27+00:00\",\"description\":\"\u00a1Cont\u00e1ctanos! y conversemos de tu proyecto de transformaci\u00f3n digital o consultor\u00eda de negocio\",\"breadcrumb\":{\"@id\":\"https:\\\/\\\/bizart.cl\\\/contacto\\\/#breadcrumb\"},\"inLanguage\":\"en-US\",\"potentialAction\":[{\"@type\":\"ReadAction\",\"target\":[\"https:\\\/\\\/bizart.cl\\\/contacto\\\/\"]}]},{\"@type\":\"ImageObject\",\"inLanguage\":\"en-US\",\"@id\":\"https:\\\/\\\/bizart.cl\\\/contacto\\\/#primaryimage\",\"url\":\"https:\\\/\\\/bizart.cl\\\/wp-content\\\/uploads\\\/2023\\\/12\\\/Bizart_bizart-25-1.png\",\"contentUrl\":\"https:\\\/\\\/bizart.cl\\\/wp-content\\\/uploads\\\/2023\\\/12\\\/Bizart_bizart-25-1.png\"},{\"@type\":\"BreadcrumbList\",\"@id\":\"https:\\\/\\\/bizart.cl\\\/contacto\\\/#breadcrumb\",\"itemListElement\":[{\"@type\":\"ListItem\",\"position\":1,\"name\":\"Portada\",\"item\":\"https:\\\/\\\/bizart.cl\\\/\"},{\"@type\":\"ListItem\",\"position\":2,\"name\":\"Contacto\"}]},{\"@type\":\"WebSite\",\"@id\":\"https:\\\/\\\/bizart.cl\\\/#website\",\"url\":\"https:\\\/\\\/bizart.cl\\\/\",\"name\":\"Bizart\",\"description\":\"Servicios de consultor\u00eda y Software de gesti\u00f3n\",\"publisher\":{\"@id\":\"https:\\\/\\\/bizart.cl\\\/#organization\"},\"potentialAction\":[{\"@type\":\"SearchAction\",\"target\":{\"@type\":\"EntryPoint\",\"urlTemplate\":\"https:\\\/\\\/bizart.cl\\\/?s={search_term_string}\"},\"query-input\":{\"@type\":\"PropertyValueSpecification\",\"valueRequired\":true,\"valueName\":\"search_term_string\"}}],\"inLanguage\":\"en-US\"},{\"@type\":\"Organization\",\"@id\":\"https:\\\/\\\/bizart.cl\\\/#organization\",\"name\":\"Bizart\",\"url\":\"https:\\\/\\\/bizart.cl\\\/\",\"logo\":{\"@type\":\"ImageObject\",\"inLanguage\":\"en-US\",\"@id\":\"https:\\\/\\\/bizart.cl\\\/#\\\/schema\\\/logo\\\/image\\\/\",\"url\":\"https:\\\/\\\/bizart.cl\\\/wp-content\\\/uploads\\\/2023\\\/10\\\/logo-bizart.png\",\"contentUrl\":\"https:\\\/\\\/bizart.cl\\\/wp-content\\\/uploads\\\/2023\\\/10\\\/logo-bizart.png\",\"width\":588,\"height\":180,\"caption\":\"Bizart\"},\"image\":{\"@id\":\"https:\\\/\\\/bizart.cl\\\/#\\\/schema\\\/logo\\\/image\\\/\"},\"sameAs\":[\"https:\\\/\\\/www.facebook.com\\\/bizartsolutions\\\/\",\"https:\\\/\\\/www.linkedin.com\\\/company\\\/3766366\\\/\",\"https:\\\/\\\/www.youtube.com\\\/channel\\\/UCu-uc_f5ClqkWrDXQI1jjPw\"]}]}<\/script>\n<!-- \/ Yoast SEO Premium plugin. -->","yoast_head_json":{"title":"Contacto - Bizart","description":"\u00a1Cont\u00e1ctanos! y conversemos de tu proyecto de transformaci\u00f3n digital o consultor\u00eda de negocio","robots":{"index":"index","follow":"follow","max-snippet":"max-snippet:-1","max-image-preview":"max-image-preview:large","max-video-preview":"max-video-preview:-1"},"canonical":"https:\/\/bizart.cl\/en\/contacto\/","og_locale":"en_US","og_type":"article","og_title":"Contacto","og_description":"\u00a1Cont\u00e1ctanos! y conversemos de tu proyecto de transformaci\u00f3n digital o consultor\u00eda de negocio","og_url":"https:\/\/bizart.cl\/en\/contacto\/","og_site_name":"Bizart","article_publisher":"https:\/\/www.facebook.com\/bizartsolutions\/","article_modified_time":"2026-02-09T23:32:27+00:00","og_image":[{"url":"https:\/\/bizart.cl\/wp-content\/uploads\/2023\/12\/Bizart_bizart-25-1.png","type":"","width":"","height":""}],"twitter_card":"summary_large_image","twitter_misc":{"Est. reading time":"1 minute"},"schema":{"@context":"https:\/\/schema.org","@graph":[{"@type":"WebPage","@id":"https:\/\/bizart.cl\/contacto\/","url":"https:\/\/bizart.cl\/contacto\/","name":"Contacto - Bizart","isPartOf":{"@id":"https:\/\/bizart.cl\/#website"},"primaryImageOfPage":{"@id":"https:\/\/bizart.cl\/contacto\/#primaryimage"},"image":{"@id":"https:\/\/bizart.cl\/contacto\/#primaryimage"},"thumbnailUrl":"https:\/\/bizart.cl\/wp-content\/uploads\/2023\/12\/Bizart_bizart-25-1.png","datePublished":"2023-10-13T21:25:34+00:00","dateModified":"2026-02-09T23:32:27+00:00","description":"\u00a1Cont\u00e1ctanos! y conversemos de tu proyecto de transformaci\u00f3n digital o consultor\u00eda de negocio","breadcrumb":{"@id":"https:\/\/bizart.cl\/contacto\/#breadcrumb"},"inLanguage":"en-US","potentialAction":[{"@type":"ReadAction","target":["https:\/\/bizart.cl\/contacto\/"]}]},{"@type":"ImageObject","inLanguage":"en-US","@id":"https:\/\/bizart.cl\/contacto\/#primaryimage","url":"https:\/\/bizart.cl\/wp-content\/uploads\/2023\/12\/Bizart_bizart-25-1.png","contentUrl":"https:\/\/bizart.cl\/wp-content\/uploads\/2023\/12\/Bizart_bizart-25-1.png"},{"@type":"BreadcrumbList","@id":"https:\/\/bizart.cl\/contacto\/#breadcrumb","itemListElement":[{"@type":"ListItem","position":1,"name":"Portada","item":"https:\/\/bizart.cl\/"},{"@type":"ListItem","position":2,"name":"Contacto"}]},{"@type":"WebSite","@id":"https:\/\/bizart.cl\/#website","url":"https:\/\/bizart.cl\/","name":"Bizart","description":"Consulting Services and Management Software","publisher":{"@id":"https:\/\/bizart.cl\/#organization"},"potentialAction":[{"@type":"SearchAction","target":{"@type":"EntryPoint","urlTemplate":"https:\/\/bizart.cl\/?s={search_term_string}"},"query-input":{"@type":"PropertyValueSpecification","valueRequired":true,"valueName":"search_term_string"}}],"inLanguage":"en-US"},{"@type":"Organization","@id":"https:\/\/bizart.cl\/#organization","name":"Bizart","url":"https:\/\/bizart.cl\/","logo":{"@type":"ImageObject","inLanguage":"en-US","@id":"https:\/\/bizart.cl\/#\/schema\/logo\/image\/","url":"https:\/\/bizart.cl\/wp-content\/uploads\/2023\/10\/logo-bizart.png","contentUrl":"https:\/\/bizart.cl\/wp-content\/uploads\/2023\/10\/logo-bizart.png","width":588,"height":180,"caption":"Bizart"},"image":{"@id":"https:\/\/bizart.cl\/#\/schema\/logo\/image\/"},"sameAs":["https:\/\/www.facebook.com\/bizartsolutions\/","https:\/\/www.linkedin.com\/company\/3766366\/","https:\/\/www.youtube.com\/channel\/UCu-uc_f5ClqkWrDXQI1jjPw"]}]}},"_links":{"self":[{"href":"https:\/\/bizart.cl\/en\/wp-json\/wp\/v2\/pages\/60","targetHints":{"allow":["GET"]}}],"collection":[{"href":"https:\/\/bizart.cl\/en\/wp-json\/wp\/v2\/pages"}],"about":[{"href":"https:\/\/bizart.cl\/en\/wp-json\/wp\/v2\/types\/page"}],"author":[{"embeddable":true,"href":"https:\/\/bizart.cl\/en\/wp-json\/wp\/v2\/users\/1"}],"replies":[{"embeddable":true,"href":"https:\/\/bizart.cl\/en\/wp-json\/wp\/v2\/comments?post=60"}],"version-history":[{"count":69,"href":"https:\/\/bizart.cl\/en\/wp-json\/wp\/v2\/pages\/60\/revisions"}],"predecessor-version":[{"id":987507184,"href":"https:\/\/bizart.cl\/en\/wp-json\/wp\/v2\/pages\/60\/revisions\/987507184"}],"wp:attachment":[{"href":"https:\/\/bizart.cl\/en\/wp-json\/wp\/v2\/media?parent=60"}],"curies":[{"name":"wp","href":"https:\/\/api.w.org\/{rel}","templated":true}]}}