{"id":987506125,"date":"2023-12-10T15:40:00","date_gmt":"2023-12-10T15:40:00","guid":{"rendered":"https:\/\/bizart.cl\/?page_id=987506125"},"modified":"2024-01-29T00:48:16","modified_gmt":"2024-01-29T00:48:16","slug":"empresa","status":"publish","type":"page","link":"https:\/\/bizart.cl\/en\/empresa\/","title":{"rendered":"Company"},"content":{"rendered":"<p>[et_pb_section fb_built=\u00bb1&#8243; admin_label=\u00bbHeader\u00bb _builder_version=\u00bb4.23.1&#8243; _module_preset=\u00bbdefault\u00bb background_color=\u00bbrgba(0,0,0,0.6)\u00bb background_image=\u00bbhttps:\/\/bizart.cl\/wp-content\/uploads\/2023\/10\/Fondo-banner-inicio-bizart.jpg\u00bb background_blend=\u00bbmultiply\u00bb custom_padding=\u00bb29px||0px|||\u00bb locked=\u00bboff\u00bb collapsed=\u00bbon\u00bb global_colors_info=\u00bb{}\u00bb][et_pb_row _builder_version=\u00bb4.23.1&#8243; _module_preset=\u00bbdefault\u00bb background_color=\u00bbrgba(0,0,0,0.5)\u00bb global_colors_info=\u00bb{}\u00bb][et_pb_column type=\u00bb4_4&#8243; _builder_version=\u00bb4.22.2&#8243; _module_preset=\u00bbdefault\u00bb global_colors_info=\u00bb{}\u00bb][et_pb_slider _builder_version=\u00bb4.23.1&#8243; _module_preset=\u00bbdefault\u00bb header_font=\u00bb|700|||||||\u00bb body_text_color=\u00bb#FFFFFF\u00bb body_font_size=\u00bb22px\u00bb background_color=\u00bbRGBA(255,255,255,0)\u00bb custom_button=\u00bbon\u00bb button_text_size=\u00bb16px\u00bb button_bg_color=\u00bb#ef672d\u00bb button_border_width=\u00bb0px\u00bb button_border_radius=\u00bb0px\u00bb button_font=\u00bb|700|||||||\u00bb custom_padding=\u00bb5px||70px|||\u00bb global_colors_info=\u00bb{}\u00bb][et_pb_slide _builder_version=\u00bb4.23.1&#8243; _module_preset=\u00bbdefault\u00bb header_font_size=\u00bb40px\u00bb global_colors_info=\u00bb{}\u00bb sticky_transition=\u00bbon\u00bb]<\/p>\n<p style=\"text-align: center;\"><img loading=\"lazy\" decoding=\"async\" src=\"https:\/\/bizart.cl\/wp-content\/uploads\/2023\/12\/Bizart_bizart-25-1.png\" width=\"149\" height=\"149\" alt=\"\" class=\"wp-image-987506019 alignnone size-full\" srcset=\"https:\/\/bizart.cl\/wp-content\/uploads\/2023\/12\/Bizart_bizart-25-1.png 250w, https:\/\/bizart.cl\/wp-content\/uploads\/2023\/12\/Bizart_bizart-25-1-150x150.png 150w\" sizes=\"(max-width: 149px) 100vw, 149px\" \/><\/p>\n<h1 style=\"text-align: center;\"><strong>Nuestra empresa<\/strong><\/h1>\n<p>Somos una empresa dedicada a proveer asesor\u00edas y soluciones para mejorar la productividad y gesti\u00f3n de las empresas, con un compromiso por la generaci\u00f3n de impacto en el desempe\u00f1o de nuestros clientes.<\/p>\n<p>[\/et_pb_slide][\/et_pb_slider][\/et_pb_column][\/et_pb_row][\/et_pb_section][et_pb_section fb_built=\u00bb1&#8243; admin_label=\u00bbCourses\u00bb _builder_version=\u00bb4.22.2&#8243; _module_preset=\u00bbdefault\u00bb background_color=\u00bb#FFFFFF\u00bb collapsed=\u00bbon\u00bb global_colors_info=\u00bb{}\u00bb][et_pb_row _builder_version=\u00bb4.23.1&#8243; _module_preset=\u00bbdefault\u00bb global_colors_info=\u00bb{}\u00bb][et_pb_column type=\u00bb4_4&#8243; _builder_version=\u00bb4.23.1&#8243; _module_preset=\u00bbdefault\u00bb global_colors_info=\u00bb{}\u00bb][et_pb_text _builder_version=\u00bb4.23.1&#8243; _module_preset=\u00bbdefault\u00bb text_font=\u00bb|600|||||||\u00bb text_font_size=\u00bb16px\u00bb global_colors_info=\u00bb{}\u00bb]<\/p>\n<p>Nuestro equipo reune m\u00e1s de 10 a\u00f1os de experiencia en gesti\u00f3n y redise\u00f1o de procesos de negocio en distintas industrias:<\/p>\n<p>Servicios, gobierno, banca, retail y productiva. Amplia experiencia en implementaci\u00f3n de sistemas de control estrat\u00e9gico y de inteligencia de negocio.<\/p>\n<p>[\/et_pb_text][\/et_pb_column][\/et_pb_row][et_pb_row column_structure=\u00bb1_2,1_2&#8243; _builder_version=\u00bb4.23.1&#8243; _module_preset=\u00bbdefault\u00bb global_colors_info=\u00bb{}\u00bb][et_pb_column type=\u00bb1_2&#8243; _builder_version=\u00bb4.23.1&#8243; _module_preset=\u00bbdefault\u00bb global_colors_info=\u00bb{}\u00bb][et_pb_image src=\u00bbhttps:\/\/bizart.cl\/wp-content\/uploads\/2023\/10\/logo-bizart-menu.png\u00bb title_text=\u00bblogo-bizart-menu\u00bb _builder_version=\u00bb4.23.1&#8243; _module_preset=\u00bbdefault\u00bb global_colors_info=\u00bb{}\u00bb][\/et_pb_image][et_pb_image src=\u00bbhttps:\/\/bizart.cl\/wp-content\/uploads\/2024\/01\/Bizart-fondo-vitrinas-empresa-3.jpg\u00bb title_text=\u00bbBizart-fondo-vitrinas-empresa-3&#8243; _builder_version=\u00bb4.23.1&#8243; _module_preset=\u00bbdefault\u00bb width=\u00bb85%\u00bb hover_enabled=\u00bb0&#8243; global_colors_info=\u00bb{}\u00bb sticky_enabled=\u00bb0&#8243;][\/et_pb_image][\/et_pb_column][et_pb_column type=\u00bb1_2&#8243; _builder_version=\u00bb4.23.1&#8243; _module_preset=\u00bbdefault\u00bb global_colors_info=\u00bb{}\u00bb][et_pb_text _builder_version=\u00bb4.23.1&#8243; _module_preset=\u00bbdefault\u00bb text_font=\u00bb|600|||||||\u00bb text_font_size=\u00bb16px\u00bb locked=\u00bboff\u00bb global_colors_info=\u00bb{}\u00bb]<\/p>\n<p class=\"rtejustify\" style=\"text-align: justify;\"><span>Nuestra experiencia pr\u00e1ctica nos permite sintetizar conceptos y<\/span><span>\u00a0<\/span>buenas pr\u00e1cticas en distintas industrias que ponemos a disposici\u00f3n de nuestros clientes.<\/p>\n<p class=\"rtejustify\" style=\"text-align: justify;\"><span>Confiamos que el compromiso y formaci\u00f3n de nuestros c<\/span>olaboradores, nos llevar\u00e1 a un\u00a0 servicio con altos niveles de calidad.<\/p>\n<p>Nuestro trabajo se basa en los siguientes fundamentos:<\/p>\n<ul>\n<li class=\"rtejustify\" style=\"text-align: justify;\">Visi\u00f3n sist\u00e9mica de las propuestas y la organizaci\u00f3n.<\/li>\n<li class=\"rtejustify\" style=\"text-align: justify;\">Desarrollar soluciones innovadoras implementables para nuestros clientes, basadas en el modelo de negocio.<\/li>\n<li class=\"rtejustify\" style=\"text-align: justify;\">Equipo capacitado y comprometido con el trabajo a desarrollar.<\/li>\n<\/ul>\n<p>[\/et_pb_text][et_pb_text _builder_version=\u00bb4.23.1&#8243; _module_preset=\u00bbdefault\u00bb text_font=\u00bb|600|||||||\u00bb text_font_size=\u00bb16px\u00bb locked=\u00bboff\u00bb global_colors_info=\u00bb{}\u00bb]<\/p>\n<h4><strong>Nuestro Equipo<\/strong><\/h4>\n<p><strong>Reunimos las siguientes formaciones:<\/strong><\/p>\n<ul>\n<li>Ingenier\u00eda Civil Industrial<\/li>\n<li>Mag\u00edster en Administraci\u00f3n de Empresas (MBA)<\/li>\n<li>Ingenier\u00eda Inform\u00e1tica<\/li>\n<li>Diplomado en Inteligencia de Negocio<\/li>\n<\/ul>\n<p>[\/et_pb_text][\/et_pb_column][\/et_pb_row][et_pb_row column_structure=\u00bb1_2,1_2&#8243; _builder_version=\u00bb4.23.1&#8243; _module_preset=\u00bbdefault\u00bb global_colors_info=\u00bb{}\u00bb][et_pb_column type=\u00bb1_2&#8243; _builder_version=\u00bb4.23.1&#8243; _module_preset=\u00bbdefault\u00bb global_colors_info=\u00bb{}\u00bb][et_pb_text _builder_version=\u00bb4.23.1&#8243; _module_preset=\u00bbdefault\u00bb text_font=\u00bb|600|||||||\u00bb text_font_size=\u00bb16px\u00bb locked=\u00bboff\u00bb global_colors_info=\u00bb{}\u00bb]<\/p>\n<h4><strong>Misi\u00f3n<\/strong><\/h4>\n<p style=\"text-align: justify;\">Proveer servicios y soluciones integrales a nuestros clientes, en el \u00e1mbito de la gesti\u00f3n, tecnolog\u00eda y procesos de negocio, de manera de generar impacto en el desempe\u00f1o de la organizaci\u00f3n. Del punto vista interno, propiciar un ambiente de trabajo innovador, de respeto y colaboraci\u00f3n.<\/p>\n<p>[\/et_pb_text][\/et_pb_column][et_pb_column type=\u00bb1_2&#8243; _builder_version=\u00bb4.23.1&#8243; _module_preset=\u00bbdefault\u00bb global_colors_info=\u00bb{}\u00bb][et_pb_text _builder_version=\u00bb4.23.1&#8243; _module_preset=\u00bbdefault\u00bb text_font=\u00bb|600|||||||\u00bb text_font_size=\u00bb16px\u00bb locked=\u00bboff\u00bb global_colors_info=\u00bb{}\u00bb]<\/p>\n<h4><strong>Valores<\/strong><\/h4>\n<p style=\"text-align: justify;\"><span>Trabajo en equipo, compromiso, respeto y excelencia.<\/span><\/p>\n<p>[\/et_pb_text][\/et_pb_column][\/et_pb_row][et_pb_row column_structure=\u00bb1_3,1_3,1_3&#8243; _builder_version=\u00bb4.23.1&#8243; _module_preset=\u00bbdefault\u00bb global_colors_info=\u00bb{}\u00bb][et_pb_column type=\u00bb1_3&#8243; _builder_version=\u00bb4.23.1&#8243; _module_preset=\u00bbdefault\u00bb global_colors_info=\u00bb{}\u00bb][et_pb_number_counter title=\u00bbProyectos\u00bb number=\u00bb+25&#8243; percent_sign=\u00bboff\u00bb _builder_version=\u00bb4.23.1&#8243; _module_preset=\u00bbdefault\u00bb title_font=\u00bb|700|||||||\u00bb animation_style=\u00bbzoom\u00bb global_colors_info=\u00bb{}\u00bb][\/et_pb_number_counter][\/et_pb_column][et_pb_column type=\u00bb1_3&#8243; _builder_version=\u00bb4.23.1&#8243; _module_preset=\u00bbdefault\u00bb global_colors_info=\u00bb{}\u00bb][et_pb_number_counter title=\u00bbHoras de capacitaci\u00f3n\u00bb number=\u00bb+150&#8243; percent_sign=\u00bboff\u00bb _builder_version=\u00bb4.23.1&#8243; _module_preset=\u00bbdefault\u00bb title_font=\u00bb|700|||||||\u00bb animation_style=\u00bbzoom\u00bb global_colors_info=\u00bb{}\u00bb][\/et_pb_number_counter][\/et_pb_column][et_pb_column type=\u00bb1_3&#8243; _builder_version=\u00bb4.23.1&#8243; _module_preset=\u00bbdefault\u00bb global_colors_info=\u00bb{}\u00bb][et_pb_number_counter title=\u00bbPa\u00edses con Presencia\u00bb number=\u00bb+6&#8243; percent_sign=\u00bboff\u00bb _builder_version=\u00bb4.23.1&#8243; _module_preset=\u00bbdefault\u00bb title_font=\u00bb|700|||||||\u00bb animation_style=\u00bbzoom\u00bb global_colors_info=\u00bb{}\u00bb][\/et_pb_number_counter][\/et_pb_column][\/et_pb_row][\/et_pb_section]<\/p>\n","protected":false},"excerpt":{"rendered":"<p>Nuestra empresa Somos una empresa dedicada a proveer asesor\u00edas y soluciones para mejorar la productividad y gesti\u00f3n de las empresas, con un compromiso por la generaci\u00f3n de impacto en el desempe\u00f1o de nuestros clientes.Nuestro equipo reune m\u00e1s de 10 a\u00f1os de experiencia en gesti\u00f3n y redise\u00f1o de procesos de negocio en distintas industrias: Servicios, gobierno, [&hellip;]<\/p>\n","protected":false},"author":1,"featured_media":0,"parent":0,"menu_order":0,"comment_status":"closed","ping_status":"closed","template":"","meta":{"_et_pb_use_builder":"on","_et_pb_old_content":"","_et_gb_content_width":"","footnotes":""},"class_list":["post-987506125","page","type-page","status-publish","hentry"],"yoast_head":"<!-- This site is optimized with the Yoast SEO Premium plugin v26.9 (Yoast SEO v27.4) - https:\/\/yoast.com\/product\/yoast-seo-premium-wordpress\/ -->\n<title>Empresa - Bizart<\/title>\n<meta name=\"robots\" content=\"index, follow, max-snippet:-1, max-image-preview:large, max-video-preview:-1\" \/>\n<link rel=\"canonical\" href=\"https:\/\/bizart.cl\/en\/empresa\/\" \/>\n<meta property=\"og:locale\" content=\"en_US\" \/>\n<meta property=\"og:type\" content=\"article\" \/>\n<meta property=\"og:title\" content=\"Empresa\" \/>\n<meta property=\"og:description\" content=\"Nuestra empresa Somos una empresa dedicada a proveer asesor\u00edas y soluciones para mejorar la productividad y gesti\u00f3n de las empresas, con un compromiso por la generaci\u00f3n de impacto en el desempe\u00f1o de nuestros clientes.Nuestro equipo reune m\u00e1s de 10 a\u00f1os de experiencia en gesti\u00f3n y redise\u00f1o de procesos de negocio en distintas industrias: Servicios, gobierno, [&hellip;]\" \/>\n<meta property=\"og:url\" content=\"https:\/\/bizart.cl\/en\/empresa\/\" \/>\n<meta property=\"og:site_name\" content=\"Bizart\" \/>\n<meta property=\"article:publisher\" content=\"https:\/\/www.facebook.com\/bizartsolutions\/\" \/>\n<meta property=\"article:modified_time\" content=\"2024-01-29T00:48:16+00:00\" \/>\n<meta property=\"og:image\" content=\"https:\/\/bizart.cl\/wp-content\/uploads\/2023\/12\/Bizart_bizart-25-1.png\" \/>\n<meta name=\"twitter:card\" content=\"summary_large_image\" \/>\n<script type=\"application\/ld+json\" class=\"yoast-schema-graph\">{\"@context\":\"https:\\\/\\\/schema.org\",\"@graph\":[{\"@type\":\"WebPage\",\"@id\":\"https:\\\/\\\/bizart.cl\\\/empresa\\\/\",\"url\":\"https:\\\/\\\/bizart.cl\\\/empresa\\\/\",\"name\":\"Empresa - Bizart\",\"isPartOf\":{\"@id\":\"https:\\\/\\\/bizart.cl\\\/#website\"},\"primaryImageOfPage\":{\"@id\":\"https:\\\/\\\/bizart.cl\\\/empresa\\\/#primaryimage\"},\"image\":{\"@id\":\"https:\\\/\\\/bizart.cl\\\/empresa\\\/#primaryimage\"},\"thumbnailUrl\":\"https:\\\/\\\/bizart.cl\\\/wp-content\\\/uploads\\\/2023\\\/12\\\/Bizart_bizart-25-1.png\",\"datePublished\":\"2023-12-10T15:40:00+00:00\",\"dateModified\":\"2024-01-29T00:48:16+00:00\",\"breadcrumb\":{\"@id\":\"https:\\\/\\\/bizart.cl\\\/empresa\\\/#breadcrumb\"},\"inLanguage\":\"en-US\",\"potentialAction\":[{\"@type\":\"ReadAction\",\"target\":[\"https:\\\/\\\/bizart.cl\\\/empresa\\\/\"]}]},{\"@type\":\"ImageObject\",\"inLanguage\":\"en-US\",\"@id\":\"https:\\\/\\\/bizart.cl\\\/empresa\\\/#primaryimage\",\"url\":\"https:\\\/\\\/bizart.cl\\\/wp-content\\\/uploads\\\/2023\\\/12\\\/Bizart_bizart-25-1.png\",\"contentUrl\":\"https:\\\/\\\/bizart.cl\\\/wp-content\\\/uploads\\\/2023\\\/12\\\/Bizart_bizart-25-1.png\"},{\"@type\":\"BreadcrumbList\",\"@id\":\"https:\\\/\\\/bizart.cl\\\/empresa\\\/#breadcrumb\",\"itemListElement\":[{\"@type\":\"ListItem\",\"position\":1,\"name\":\"Portada\",\"item\":\"https:\\\/\\\/bizart.cl\\\/\"},{\"@type\":\"ListItem\",\"position\":2,\"name\":\"Empresa\"}]},{\"@type\":\"WebSite\",\"@id\":\"https:\\\/\\\/bizart.cl\\\/#website\",\"url\":\"https:\\\/\\\/bizart.cl\\\/\",\"name\":\"Bizart\",\"description\":\"Servicios de consultor\u00eda y Software de gesti\u00f3n\",\"publisher\":{\"@id\":\"https:\\\/\\\/bizart.cl\\\/#organization\"},\"potentialAction\":[{\"@type\":\"SearchAction\",\"target\":{\"@type\":\"EntryPoint\",\"urlTemplate\":\"https:\\\/\\\/bizart.cl\\\/?s={search_term_string}\"},\"query-input\":{\"@type\":\"PropertyValueSpecification\",\"valueRequired\":true,\"valueName\":\"search_term_string\"}}],\"inLanguage\":\"en-US\"},{\"@type\":\"Organization\",\"@id\":\"https:\\\/\\\/bizart.cl\\\/#organization\",\"name\":\"Bizart\",\"url\":\"https:\\\/\\\/bizart.cl\\\/\",\"logo\":{\"@type\":\"ImageObject\",\"inLanguage\":\"en-US\",\"@id\":\"https:\\\/\\\/bizart.cl\\\/#\\\/schema\\\/logo\\\/image\\\/\",\"url\":\"https:\\\/\\\/bizart.cl\\\/wp-content\\\/uploads\\\/2023\\\/10\\\/logo-bizart.png\",\"contentUrl\":\"https:\\\/\\\/bizart.cl\\\/wp-content\\\/uploads\\\/2023\\\/10\\\/logo-bizart.png\",\"width\":588,\"height\":180,\"caption\":\"Bizart\"},\"image\":{\"@id\":\"https:\\\/\\\/bizart.cl\\\/#\\\/schema\\\/logo\\\/image\\\/\"},\"sameAs\":[\"https:\\\/\\\/www.facebook.com\\\/bizartsolutions\\\/\",\"https:\\\/\\\/www.linkedin.com\\\/company\\\/3766366\\\/\",\"https:\\\/\\\/www.youtube.com\\\/channel\\\/UCu-uc_f5ClqkWrDXQI1jjPw\"]}]}<\/script>\n<!-- \/ Yoast SEO Premium plugin. -->","yoast_head_json":{"title":"Empresa - Bizart","robots":{"index":"index","follow":"follow","max-snippet":"max-snippet:-1","max-image-preview":"max-image-preview:large","max-video-preview":"max-video-preview:-1"},"canonical":"https:\/\/bizart.cl\/en\/empresa\/","og_locale":"en_US","og_type":"article","og_title":"Empresa","og_description":"Nuestra empresa Somos una empresa dedicada a proveer asesor\u00edas y soluciones para mejorar la productividad y gesti\u00f3n de las empresas, con un compromiso por la generaci\u00f3n de impacto en el desempe\u00f1o de nuestros clientes.Nuestro equipo reune m\u00e1s de 10 a\u00f1os de experiencia en gesti\u00f3n y redise\u00f1o de procesos de negocio en distintas industrias: Servicios, gobierno, [&hellip;]","og_url":"https:\/\/bizart.cl\/en\/empresa\/","og_site_name":"Bizart","article_publisher":"https:\/\/www.facebook.com\/bizartsolutions\/","article_modified_time":"2024-01-29T00:48:16+00:00","og_image":[{"url":"https:\/\/bizart.cl\/wp-content\/uploads\/2023\/12\/Bizart_bizart-25-1.png","type":"","width":"","height":""}],"twitter_card":"summary_large_image","schema":{"@context":"https:\/\/schema.org","@graph":[{"@type":"WebPage","@id":"https:\/\/bizart.cl\/empresa\/","url":"https:\/\/bizart.cl\/empresa\/","name":"Empresa - Bizart","isPartOf":{"@id":"https:\/\/bizart.cl\/#website"},"primaryImageOfPage":{"@id":"https:\/\/bizart.cl\/empresa\/#primaryimage"},"image":{"@id":"https:\/\/bizart.cl\/empresa\/#primaryimage"},"thumbnailUrl":"https:\/\/bizart.cl\/wp-content\/uploads\/2023\/12\/Bizart_bizart-25-1.png","datePublished":"2023-12-10T15:40:00+00:00","dateModified":"2024-01-29T00:48:16+00:00","breadcrumb":{"@id":"https:\/\/bizart.cl\/empresa\/#breadcrumb"},"inLanguage":"en-US","potentialAction":[{"@type":"ReadAction","target":["https:\/\/bizart.cl\/empresa\/"]}]},{"@type":"ImageObject","inLanguage":"en-US","@id":"https:\/\/bizart.cl\/empresa\/#primaryimage","url":"https:\/\/bizart.cl\/wp-content\/uploads\/2023\/12\/Bizart_bizart-25-1.png","contentUrl":"https:\/\/bizart.cl\/wp-content\/uploads\/2023\/12\/Bizart_bizart-25-1.png"},{"@type":"BreadcrumbList","@id":"https:\/\/bizart.cl\/empresa\/#breadcrumb","itemListElement":[{"@type":"ListItem","position":1,"name":"Portada","item":"https:\/\/bizart.cl\/"},{"@type":"ListItem","position":2,"name":"Empresa"}]},{"@type":"WebSite","@id":"https:\/\/bizart.cl\/#website","url":"https:\/\/bizart.cl\/","name":"Bizart","description":"Consulting Services and Management Software","publisher":{"@id":"https:\/\/bizart.cl\/#organization"},"potentialAction":[{"@type":"SearchAction","target":{"@type":"EntryPoint","urlTemplate":"https:\/\/bizart.cl\/?s={search_term_string}"},"query-input":{"@type":"PropertyValueSpecification","valueRequired":true,"valueName":"search_term_string"}}],"inLanguage":"en-US"},{"@type":"Organization","@id":"https:\/\/bizart.cl\/#organization","name":"Bizart","url":"https:\/\/bizart.cl\/","logo":{"@type":"ImageObject","inLanguage":"en-US","@id":"https:\/\/bizart.cl\/#\/schema\/logo\/image\/","url":"https:\/\/bizart.cl\/wp-content\/uploads\/2023\/10\/logo-bizart.png","contentUrl":"https:\/\/bizart.cl\/wp-content\/uploads\/2023\/10\/logo-bizart.png","width":588,"height":180,"caption":"Bizart"},"image":{"@id":"https:\/\/bizart.cl\/#\/schema\/logo\/image\/"},"sameAs":["https:\/\/www.facebook.com\/bizartsolutions\/","https:\/\/www.linkedin.com\/company\/3766366\/","https:\/\/www.youtube.com\/channel\/UCu-uc_f5ClqkWrDXQI1jjPw"]}]}},"_links":{"self":[{"href":"https:\/\/bizart.cl\/en\/wp-json\/wp\/v2\/pages\/987506125","targetHints":{"allow":["GET"]}}],"collection":[{"href":"https:\/\/bizart.cl\/en\/wp-json\/wp\/v2\/pages"}],"about":[{"href":"https:\/\/bizart.cl\/en\/wp-json\/wp\/v2\/types\/page"}],"author":[{"embeddable":true,"href":"https:\/\/bizart.cl\/en\/wp-json\/wp\/v2\/users\/1"}],"replies":[{"embeddable":true,"href":"https:\/\/bizart.cl\/en\/wp-json\/wp\/v2\/comments?post=987506125"}],"version-history":[{"count":12,"href":"https:\/\/bizart.cl\/en\/wp-json\/wp\/v2\/pages\/987506125\/revisions"}],"predecessor-version":[{"id":987506603,"href":"https:\/\/bizart.cl\/en\/wp-json\/wp\/v2\/pages\/987506125\/revisions\/987506603"}],"wp:attachment":[{"href":"https:\/\/bizart.cl\/en\/wp-json\/wp\/v2\/media?parent=987506125"}],"curies":[{"name":"wp","href":"https:\/\/api.w.org\/{rel}","templated":true}]}}